{"id":144,"date":"2025-11-05T00:22:11","date_gmt":"2025-11-05T00:22:11","guid":{"rendered":"https:\/\/metaflextransport.com\/?page_id=144"},"modified":"2025-11-09T19:01:55","modified_gmt":"2025-11-09T19:01:55","slug":"a-propos","status":"publish","type":"page","link":"https:\/\/metaflextransport.com\/index.php\/a-propos\/","title":{"rendered":"a propos"},"content":{"rendered":"\t\t<div data-elementor-type=\"wp-page\" data-elementor-id=\"144\" class=\"elementor elementor-144\">\n\t\t\t\t<div class=\"elementor-element elementor-element-f594539 e-flex e-con-boxed e-con e-parent\" data-id=\"f594539\" data-element_type=\"container\" data-e-type=\"container\">\n\t\t\t\t\t<div class=\"e-con-inner\">\n\t\t<div class=\"elementor-element elementor-element-56a2725 e-con-full e-flex e-con e-child\" data-id=\"56a2725\" data-element_type=\"container\" data-e-type=\"container\">\n\t\t\t\t<div class=\"elementor-element elementor-element-1c20fb9 elementor-widget elementor-widget-heading\" data-id=\"1c20fb9\" data-element_type=\"widget\" data-e-type=\"widget\" data-widget_type=\"heading.default\">\n\t\t\t\t\t<h2 class=\"elementor-heading-title elementor-size-default\">\ud83d\ude9b Nos Services de Transport<\/h2>\t\t\t\t<\/div>\n\t\t\t\t<\/div>\n\t\t\t\t\t<\/div>\n\t\t\t\t<\/div>\n\t\t<div class=\"elementor-element elementor-element-a24ccfd e-flex e-con-boxed e-con e-parent\" data-id=\"a24ccfd\" data-element_type=\"container\" data-e-type=\"container\">\n\t\t\t\t\t<div class=\"e-con-inner\">\n\t\t<div class=\"elementor-element elementor-element-cba4a4e e-con-full e-flex e-con e-child\" data-id=\"cba4a4e\" data-element_type=\"container\" data-e-type=\"container\">\n\t\t\t\t<div class=\"elementor-element elementor-element-30fa18b elementor-widget elementor-widget-heading\" data-id=\"30fa18b\" data-element_type=\"widget\" data-e-type=\"widget\" data-widget_type=\"heading.default\">\n\t\t\t\t\t<h2 class=\"elementor-heading-title elementor-size-default\">Transport National et International<\/h2>\t\t\t\t<\/div>\n\t\t\t\t<div class=\"elementor-element elementor-element-ae7734a elementor-widget elementor-widget-text-editor\" data-id=\"ae7734a\" data-element_type=\"widget\" data-e-type=\"widget\" data-widget_type=\"text-editor.default\">\n\t\t\t\t\t\t\t\t\t<p>Metaflex Transport assure le <strong data-start=\"237\" data-end=\"277\">transport rapide, s\u00e9curis\u00e9 et fiable<\/strong> de vos colis et marchandises partout en France et \u00e0 l\u2019international. Gr\u00e2ce \u00e0 une <strong data-start=\"359\" data-end=\"390\">flotte moderne et connect\u00e9e<\/strong>, nous garantissons un suivi en temps r\u00e9el et des livraisons respectant les d\u00e9lais les plus exigeants.<\/p>\t\t\t\t\t\t\t\t<\/div>\n\t\t\t\t<\/div>\n\t\t<div class=\"elementor-element elementor-element-8b48019 e-con-full e-flex e-con e-child\" data-id=\"8b48019\" data-element_type=\"container\" data-e-type=\"container\">\n\t\t\t\t<div class=\"elementor-element elementor-element-510384d elementor-widget elementor-widget-heading\" data-id=\"510384d\" data-element_type=\"widget\" data-e-type=\"widget\" data-widget_type=\"heading.default\">\n\t\t\t\t\t<h2 class=\"elementor-heading-title elementor-size-default\">Logistique &amp; Distribution<\/h2>\t\t\t\t<\/div>\n\t\t\t\t<div class=\"elementor-element elementor-element-673f337 elementor-widget elementor-widget-text-editor\" data-id=\"673f337\" data-element_type=\"widget\" data-e-type=\"widget\" data-widget_type=\"text-editor.default\">\n\t\t\t\t\t\t\t\t\t<p>Nous g\u00e9rons vos flux logistiques de A \u00e0 Z. De la <strong data-start=\"577\" data-end=\"590\">r\u00e9ception<\/strong> des marchandises \u00e0 leur <strong data-start=\"615\" data-end=\"627\">stockage<\/strong>, en passant par la <strong data-start=\"647\" data-end=\"675\">pr\u00e9paration de commandes<\/strong> et la <strong data-start=\"682\" data-end=\"698\">distribution<\/strong>, Metaflex Transport s\u2019adapte \u00e0 vos besoins sp\u00e9cifiques. Nos solutions sur mesure vous permettent de gagner en efficacit\u00e9 et en comp\u00e9titivit\u00e9.<\/p>\t\t\t\t\t\t\t\t<\/div>\n\t\t\t\t<\/div>\n\t\t<div class=\"elementor-element elementor-element-1ccc726 e-con-full e-flex e-con e-child\" data-id=\"1ccc726\" data-element_type=\"container\" data-e-type=\"container\">\n\t\t\t\t<div class=\"elementor-element elementor-element-30a57ec elementor-widget elementor-widget-heading\" data-id=\"30a57ec\" data-element_type=\"widget\" data-e-type=\"widget\" data-widget_type=\"heading.default\">\n\t\t\t\t\t<h2 class=\"elementor-heading-title elementor-size-default\">Messagerie Express<\/h2>\t\t\t\t<\/div>\n\t\t\t\t<div class=\"elementor-element elementor-element-525ea0f elementor-widget elementor-widget-text-editor\" data-id=\"525ea0f\" data-element_type=\"widget\" data-e-type=\"widget\" data-widget_type=\"text-editor.default\">\n\t\t\t\t\t\t\t\t\t<p>Besoin d\u2019une livraison urgente ? Notre service de <strong data-start=\"919\" data-end=\"941\">messagerie express<\/strong> prend en charge vos envois en un temps record, avec des options de <strong data-start=\"1009\" data-end=\"1035\">livraison le jour m\u00eame<\/strong> ou le lendemain.<\/p>\t\t\t\t\t\t\t\t<\/div>\n\t\t\t\t<\/div>\n\t\t\t\t\t<\/div>\n\t\t\t\t<\/div>\n\t\t<div class=\"elementor-element elementor-element-54a25a6 e-flex e-con-boxed e-con e-parent\" data-id=\"54a25a6\" data-element_type=\"container\" data-e-type=\"container\">\n\t\t\t\t\t<div class=\"e-con-inner\">\n\t\t<div class=\"elementor-element elementor-element-8582830 e-con-full e-flex e-con e-child\" data-id=\"8582830\" data-element_type=\"container\" data-e-type=\"container\">\n\t\t\t\t<\/div>\n\t\t\t\t\t<\/div>\n\t\t\t\t<\/div>\n\t\t<div class=\"elementor-element elementor-element-b981cca e-flex e-con-boxed e-con e-parent\" data-id=\"b981cca\" data-element_type=\"container\" data-e-type=\"container\">\n\t\t\t\t\t<div class=\"e-con-inner\">\n\t\t<div class=\"elementor-element elementor-element-a61bd93 e-con-full e-flex e-con e-child\" data-id=\"a61bd93\" data-element_type=\"container\" data-e-type=\"container\">\n\t\t\t\t<div class=\"elementor-element elementor-element-d4ea458 elementor-widget elementor-widget-image\" data-id=\"d4ea458\" data-element_type=\"widget\" data-e-type=\"widget\" data-widget_type=\"image.default\">\n\t\t\t\t\t\t\t\t\t\t\t\t\t\t\t<img fetchpriority=\"high\" decoding=\"async\" width=\"1024\" height=\"747\" src=\"https:\/\/metaflextransport.com\/wp-content\/uploads\/2025\/11\/Firefly_Gemini-Flash_photo-reelle-de-7-camions-blanc-stationnees-devant-un-grand-entrepot-le-logo-est-aff-665133-1024x747.png\" class=\"attachment-large size-large wp-image-328\" alt=\"\" srcset=\"https:\/\/metaflextransport.com\/wp-content\/uploads\/2025\/11\/Firefly_Gemini-Flash_photo-reelle-de-7-camions-blanc-stationnees-devant-un-grand-entrepot-le-logo-est-aff-665133-1024x747.png 1024w, https:\/\/metaflextransport.com\/wp-content\/uploads\/2025\/11\/Firefly_Gemini-Flash_photo-reelle-de-7-camions-blanc-stationnees-devant-un-grand-entrepot-le-logo-est-aff-665133-300x219.png 300w, https:\/\/metaflextransport.com\/wp-content\/uploads\/2025\/11\/Firefly_Gemini-Flash_photo-reelle-de-7-camions-blanc-stationnees-devant-un-grand-entrepot-le-logo-est-aff-665133-768x560.png 768w, https:\/\/metaflextransport.com\/wp-content\/uploads\/2025\/11\/Firefly_Gemini-Flash_photo-reelle-de-7-camions-blanc-stationnees-devant-un-grand-entrepot-le-logo-est-aff-665133.png 1184w\" sizes=\"(max-width: 1024px) 100vw, 1024px\" \/>\t\t\t\t\t\t\t\t\t\t\t\t\t\t\t<\/div>\n\t\t\t\t<\/div>\n\t\t<div class=\"elementor-element elementor-element-92323d1 e-con-full e-flex e-con e-child\" data-id=\"92323d1\" data-element_type=\"container\" data-e-type=\"container\">\n\t\t\t\t<div class=\"elementor-element elementor-element-704910e elementor-widget elementor-widget-heading\" data-id=\"704910e\" data-element_type=\"widget\" data-e-type=\"widget\" data-widget_type=\"heading.default\">\n\t\t\t\t\t<h2 class=\"elementor-heading-title elementor-size-default\">Stockage et Entrep\u00f4t S\u00e9curis\u00e9<\/h2>\t\t\t\t<\/div>\n\t\t\t\t<div class=\"elementor-element elementor-element-6e66188 elementor-widget elementor-widget-text-editor\" data-id=\"6e66188\" data-element_type=\"widget\" data-e-type=\"widget\" data-widget_type=\"text-editor.default\">\n\t\t\t\t\t\t\t\t\t<p>Nos entrep\u00f4ts modernes et surveill\u00e9s 24h\/24 offrent des solutions de <strong data-start=\"1692\" data-end=\"1731\">stockage temporaire ou longue dur\u00e9e<\/strong>, adapt\u00e9es aux besoins des entreprises de toutes tailles.<\/p>\t\t\t\t\t\t\t\t<\/div>\n\t\t\t\t<\/div>\n\t\t\t\t\t<\/div>\n\t\t\t\t<\/div>\n\t\t<div class=\"elementor-element elementor-element-a96e199 e-flex e-con-boxed e-con e-parent\" data-id=\"a96e199\" data-element_type=\"container\" data-e-type=\"container\">\n\t\t\t\t\t<div class=\"e-con-inner\">\n\t\t<div class=\"elementor-element elementor-element-62a1cfa e-con-full e-flex e-con e-child\" data-id=\"62a1cfa\" data-element_type=\"container\" data-e-type=\"container\">\n\t\t\t\t<div class=\"elementor-element elementor-element-180e54c elementor-widget elementor-widget-image\" data-id=\"180e54c\" data-element_type=\"widget\" data-e-type=\"widget\" data-widget_type=\"image.default\">\n\t\t\t\t\t\t\t\t\t\t\t\t\t\t\t<img decoding=\"async\" width=\"1024\" height=\"747\" src=\"https:\/\/metaflextransport.com\/wp-content\/uploads\/2025\/11\/Firefly_Gemini-Flash_photo-reelle-de-3-camions-blanc-en-route-le-logo-est-affiche-sur-les-camions-et-le-665133-1024x747.png\" class=\"attachment-large size-large wp-image-327\" alt=\"\" srcset=\"https:\/\/metaflextransport.com\/wp-content\/uploads\/2025\/11\/Firefly_Gemini-Flash_photo-reelle-de-3-camions-blanc-en-route-le-logo-est-affiche-sur-les-camions-et-le-665133-1024x747.png 1024w, https:\/\/metaflextransport.com\/wp-content\/uploads\/2025\/11\/Firefly_Gemini-Flash_photo-reelle-de-3-camions-blanc-en-route-le-logo-est-affiche-sur-les-camions-et-le-665133-300x219.png 300w, https:\/\/metaflextransport.com\/wp-content\/uploads\/2025\/11\/Firefly_Gemini-Flash_photo-reelle-de-3-camions-blanc-en-route-le-logo-est-affiche-sur-les-camions-et-le-665133-768x560.png 768w, https:\/\/metaflextransport.com\/wp-content\/uploads\/2025\/11\/Firefly_Gemini-Flash_photo-reelle-de-3-camions-blanc-en-route-le-logo-est-affiche-sur-les-camions-et-le-665133.png 1184w\" sizes=\"(max-width: 1024px) 100vw, 1024px\" \/>\t\t\t\t\t\t\t\t\t\t\t\t\t\t\t<\/div>\n\t\t\t\t<\/div>\n\t\t<div class=\"elementor-element elementor-element-193a91a e-con-full e-flex e-con e-child\" data-id=\"193a91a\" data-element_type=\"container\" data-e-type=\"container\">\n\t\t\t\t<div class=\"elementor-element elementor-element-8ca59d0 elementor-widget elementor-widget-heading\" data-id=\"8ca59d0\" data-element_type=\"widget\" data-e-type=\"widget\" data-widget_type=\"heading.default\">\n\t\t\t\t\t<h2 class=\"elementor-heading-title elementor-size-default\">Fret Routier &amp; Chargement Sp\u00e9cialis\u00e9<\/h2>\t\t\t\t<\/div>\n\t\t\t\t<div class=\"elementor-element elementor-element-f945062 elementor-widget elementor-widget-text-editor\" data-id=\"f945062\" data-element_type=\"widget\" data-e-type=\"widget\" data-widget_type=\"text-editor.default\">\n\t\t\t\t\t\t\t\t\t<p>Nos \u00e9quipes sont form\u00e9es pour le <strong data-start=\"1132\" data-end=\"1181\">transport de palettes, de produits volumineux<\/strong> ou \u00e0 <strong data-start=\"1187\" data-end=\"1211\">manutention d\u00e9licate<\/strong>. Nous disposons de chariots \u00e9l\u00e9vateurs, rampes et \u00e9quipements certifi\u00e9s pour assurer un chargement en toute s\u00e9curit\u00e9..<\/p>\t\t\t\t\t\t\t\t<\/div>\n\t\t\t\t<\/div>\n\t\t\t\t\t<\/div>\n\t\t\t\t<\/div>\n\t\t<div class=\"elementor-element elementor-element-7a00991 e-flex e-con-boxed e-con e-parent\" data-id=\"7a00991\" data-element_type=\"container\" data-e-type=\"container\">\n\t\t\t\t\t<div class=\"e-con-inner\">\n\t\t<div class=\"elementor-element elementor-element-3d7932b e-con-full e-flex e-con e-child\" data-id=\"3d7932b\" data-element_type=\"container\" data-e-type=\"container\">\n\t\t\t\t<div class=\"elementor-element elementor-element-24147d3 elementor-widget elementor-widget-image\" data-id=\"24147d3\" data-element_type=\"widget\" data-e-type=\"widget\" data-widget_type=\"image.default\">\n\t\t\t\t\t\t\t\t\t\t\t\t\t\t\t<img decoding=\"async\" width=\"1024\" height=\"683\" src=\"https:\/\/metaflextransport.com\/wp-content\/uploads\/2025\/11\/ChatGPT-Image-6-nov.-2025-23_05_29-1024x683.png\" class=\"attachment-large size-large wp-image-325\" alt=\"\" srcset=\"https:\/\/metaflextransport.com\/wp-content\/uploads\/2025\/11\/ChatGPT-Image-6-nov.-2025-23_05_29-1024x683.png 1024w, https:\/\/metaflextransport.com\/wp-content\/uploads\/2025\/11\/ChatGPT-Image-6-nov.-2025-23_05_29-300x200.png 300w, https:\/\/metaflextransport.com\/wp-content\/uploads\/2025\/11\/ChatGPT-Image-6-nov.-2025-23_05_29-768x512.png 768w, https:\/\/metaflextransport.com\/wp-content\/uploads\/2025\/11\/ChatGPT-Image-6-nov.-2025-23_05_29.png 1536w\" sizes=\"(max-width: 1024px) 100vw, 1024px\" \/>\t\t\t\t\t\t\t\t\t\t\t\t\t\t\t<\/div>\n\t\t\t\t<\/div>\n\t\t<div class=\"elementor-element elementor-element-803ae78 e-con-full e-flex e-con e-child\" data-id=\"803ae78\" data-element_type=\"container\" data-e-type=\"container\">\n\t\t\t\t<div class=\"elementor-element elementor-element-246ef8a elementor-widget elementor-widget-heading\" data-id=\"246ef8a\" data-element_type=\"widget\" data-e-type=\"widget\" data-widget_type=\"heading.default\">\n\t\t\t\t\t<h2 class=\"elementor-heading-title elementor-size-default\">\ud83d\udca1 Pourquoi Choisir Metaflex Transport ?<\/h2>\t\t\t\t<\/div>\n\t\t\t\t<div class=\"elementor-element elementor-element-b48328d elementor-widget elementor-widget-text-editor\" data-id=\"b48328d\" data-element_type=\"widget\" data-e-type=\"widget\" data-widget_type=\"text-editor.default\">\n\t\t\t\t\t\t\t\t\t<p>Parce que nous mettons la <strong data-start=\"2066\" data-end=\"2081\">flexibilit\u00e9<\/strong> et la <strong data-start=\"2088\" data-end=\"2103\">performance<\/strong> au c\u0153ur de nos services. Notre mission : faire de chaque livraison une <strong data-start=\"2175\" data-end=\"2218\">exp\u00e9rience fluide, rapide et sans souci<\/strong>.<\/p>\t\t\t\t\t\t\t\t<\/div>\n\t\t\t\t<\/div>\n\t\t\t\t\t<\/div>\n\t\t\t\t<\/div>\n\t\t<div class=\"elementor-element elementor-element-dc05c7b e-flex e-con-boxed e-con e-parent\" data-id=\"dc05c7b\" data-element_type=\"container\" data-e-type=\"container\">\n\t\t\t\t\t<div class=\"e-con-inner\">\n\t\t<div class=\"elementor-element elementor-element-d5c8030 e-con-full e-flex e-con e-child\" data-id=\"d5c8030\" data-element_type=\"container\" data-e-type=\"container\">\n\t\t\t\t<\/div>\n\t\t\t\t\t<\/div>\n\t\t\t\t<\/div>\n\t\t\t\t<\/div>\n\t\t","protected":false},"excerpt":{"rendered":"<p>\ud83d\ude9b Nos Services de Transport Transport National et International Metaflex Transport assure le transport rapide, s\u00e9curis\u00e9 et fiable de vos colis et marchandises partout en France et \u00e0 l\u2019international. Gr\u00e2ce \u00e0 une flotte moderne et connect\u00e9e, nous garantissons un suivi en temps r\u00e9el et des livraisons respectant les d\u00e9lais les plus exigeants. Logistique &amp; Distribution [&hellip;]<\/p>\n","protected":false},"author":1,"featured_media":0,"parent":0,"menu_order":0,"comment_status":"closed","ping_status":"closed","template":"","meta":{"footnotes":""},"class_list":["post-144","page","type-page","status-publish","hentry","entry"],"_links":{"self":[{"href":"https:\/\/metaflextransport.com\/index.php\/wp-json\/wp\/v2\/pages\/144","targetHints":{"allow":["GET"]}}],"collection":[{"href":"https:\/\/metaflextransport.com\/index.php\/wp-json\/wp\/v2\/pages"}],"about":[{"href":"https:\/\/metaflextransport.com\/index.php\/wp-json\/wp\/v2\/types\/page"}],"author":[{"embeddable":true,"href":"https:\/\/metaflextransport.com\/index.php\/wp-json\/wp\/v2\/users\/1"}],"replies":[{"embeddable":true,"href":"https:\/\/metaflextransport.com\/index.php\/wp-json\/wp\/v2\/comments?post=144"}],"version-history":[{"count":7,"href":"https:\/\/metaflextransport.com\/index.php\/wp-json\/wp\/v2\/pages\/144\/revisions"}],"predecessor-version":[{"id":458,"href":"https:\/\/metaflextransport.com\/index.php\/wp-json\/wp\/v2\/pages\/144\/revisions\/458"}],"wp:attachment":[{"href":"https:\/\/metaflextransport.com\/index.php\/wp-json\/wp\/v2\/media?parent=144"}],"curies":[{"name":"wp","href":"https:\/\/api.w.org\/{rel}","templated":true}]}}