{"id":146,"date":"2025-11-05T00:22:20","date_gmt":"2025-11-05T00:22:20","guid":{"rendered":"https:\/\/metaflextransport.com\/?page_id=146"},"modified":"2025-11-09T19:15:18","modified_gmt":"2025-11-09T19:15:18","slug":"services","status":"publish","type":"page","link":"https:\/\/metaflextransport.com\/index.php\/services\/","title":{"rendered":"services"},"content":{"rendered":"\t\t<div data-elementor-type=\"wp-page\" data-elementor-id=\"146\" class=\"elementor elementor-146\">\n\t\t\t\t<div class=\"elementor-element elementor-element-a716602 e-flex e-con-boxed e-con e-parent\" data-id=\"a716602\" data-element_type=\"container\" data-e-type=\"container\">\n\t\t\t\t\t<div class=\"e-con-inner\">\n\t\t<div class=\"elementor-element elementor-element-d9c1ef6 e-con-full e-flex e-con e-child\" data-id=\"d9c1ef6\" data-element_type=\"container\" data-e-type=\"container\">\n\t\t\t\t<div class=\"elementor-element elementor-element-3b63390 elementor-widget elementor-widget-image\" data-id=\"3b63390\" data-element_type=\"widget\" data-e-type=\"widget\" data-widget_type=\"image.default\">\n\t\t\t\t\t\t\t\t\t\t\t\t\t\t\t<img fetchpriority=\"high\" decoding=\"async\" width=\"1024\" height=\"683\" src=\"https:\/\/metaflextransport.com\/wp-content\/uploads\/2025\/11\/ChatGPT-Image-9-nov.-2025-18_25_55-1024x683.png\" class=\"attachment-large size-large wp-image-425\" alt=\"\" srcset=\"https:\/\/metaflextransport.com\/wp-content\/uploads\/2025\/11\/ChatGPT-Image-9-nov.-2025-18_25_55-1024x683.png 1024w, https:\/\/metaflextransport.com\/wp-content\/uploads\/2025\/11\/ChatGPT-Image-9-nov.-2025-18_25_55-300x200.png 300w, https:\/\/metaflextransport.com\/wp-content\/uploads\/2025\/11\/ChatGPT-Image-9-nov.-2025-18_25_55-768x512.png 768w, https:\/\/metaflextransport.com\/wp-content\/uploads\/2025\/11\/ChatGPT-Image-9-nov.-2025-18_25_55.png 1536w\" sizes=\"(max-width: 1024px) 100vw, 1024px\" \/>\t\t\t\t\t\t\t\t\t\t\t\t\t\t\t<\/div>\n\t\t\t\t<\/div>\n\t\t<div class=\"elementor-element elementor-element-6be816e e-con-full e-flex e-con e-child\" data-id=\"6be816e\" data-element_type=\"container\" data-e-type=\"container\">\n\t\t\t\t<div class=\"elementor-element elementor-element-33e3075 elementor-widget elementor-widget-text-editor\" data-id=\"33e3075\" data-element_type=\"widget\" data-e-type=\"widget\" data-widget_type=\"text-editor.default\">\n\t\t\t\t\t\t\t\t\t<h2 data-start=\"2879\" data-end=\"2937\">\ud83d\udcbc Metaflex Transport : Votre Partenaire de Confiance<\/h2><p data-start=\"2938\" data-end=\"3130\">Plus qu\u2019un prestataire, <strong data-start=\"2962\" data-end=\"2984\">Metaflex Transport<\/strong> est votre <strong data-start=\"2995\" data-end=\"3027\">alli\u00e9 logistique strat\u00e9gique<\/strong>.<br data-start=\"3028\" data-end=\"3031\" \/>Nous mettons notre expertise, notre technologie et notre passion au service de votre performance.<\/p><p data-start=\"3132\" data-end=\"3173\"><strong data-start=\"3132\" data-end=\"3173\">\u2192 Transportez l\u2019avenir avec Metaflex.<\/strong><\/p>\t\t\t\t\t\t\t\t<\/div>\n\t\t\t\t<div class=\"elementor-element elementor-element-7bdd984 elementor-widget elementor-widget-text-editor\" data-id=\"7bdd984\" data-element_type=\"widget\" data-e-type=\"widget\" data-widget_type=\"text-editor.default\">\n\t\t\t\t\t\t\t\t\t<h3 data-start=\"2124\" data-end=\"2150\">\ud83d\udce6 Stockage S\u00e9curis\u00e9<\/h3><p data-start=\"2151\" data-end=\"2396\">Nos entrep\u00f4ts strat\u00e9giquement situ\u00e9s offrent des <strong data-start=\"2200\" data-end=\"2246\">espaces de stockage flexibles et s\u00e9curis\u00e9s<\/strong>, pour le court ou long terme.<br data-start=\"2276\" data-end=\"2279\" \/>Surveillance 24h\/24, tra\u00e7abilit\u00e9 et conditions optimales garantissent la <strong data-start=\"2352\" data-end=\"2373\">protection totale<\/strong> de vos marchandises.<\/p>\t\t\t\t\t\t\t\t<\/div>\n\t\t\t\t<\/div>\n\t\t\t\t\t<\/div>\n\t\t\t\t<\/div>\n\t\t<div class=\"elementor-element elementor-element-f95f367 e-flex e-con-boxed e-con e-parent\" data-id=\"f95f367\" data-element_type=\"container\" data-e-type=\"container\">\n\t\t\t\t\t<div class=\"e-con-inner\">\n\t\t<div class=\"elementor-element elementor-element-03e464c e-con-full e-flex e-con e-child\" data-id=\"03e464c\" data-element_type=\"container\" data-e-type=\"container\">\n\t\t\t\t<div class=\"elementor-element elementor-element-fbb49bf elementor-widget elementor-widget-heading\" data-id=\"fbb49bf\" data-element_type=\"widget\" data-e-type=\"widget\" data-widget_type=\"heading.default\">\n\t\t\t\t\t<h2 class=\"elementor-heading-title elementor-size-default\">nos services<\/h2>\t\t\t\t<\/div>\n\t\t\t\t<\/div>\n\t\t\t\t\t<\/div>\n\t\t\t\t<\/div>\n\t\t<div class=\"elementor-element elementor-element-ab7a536 e-flex e-con-boxed e-con e-parent\" data-id=\"ab7a536\" data-element_type=\"container\" data-e-type=\"container\">\n\t\t\t\t\t<div class=\"e-con-inner\">\n\t\t<div class=\"elementor-element elementor-element-29afd10 e-con-full e-flex e-con e-child\" data-id=\"29afd10\" data-element_type=\"container\" data-e-type=\"container\">\n\t\t\t\t<div class=\"elementor-element elementor-element-a188edb elementor-widget elementor-widget-heading\" data-id=\"a188edb\" data-element_type=\"widget\" data-e-type=\"widget\" data-widget_type=\"heading.default\">\n\t\t\t\t\t<h2 class=\"elementor-heading-title elementor-size-default\">Transport national &amp; international<\/h2>\t\t\t\t<\/div>\n\t\t\t\t<div class=\"elementor-element elementor-element-c6d00a2 elementor-widget elementor-widget-text-editor\" data-id=\"c6d00a2\" data-element_type=\"widget\" data-e-type=\"widget\" data-widget_type=\"text-editor.default\">\n\t\t\t\t\t\t\t\t\t<p>Acheminement s\u00e9curis\u00e9 de tous types de marchandises, avec options de groupage et affr\u00e8tement.<\/p>\t\t\t\t\t\t\t\t<\/div>\n\t\t\t\t<\/div>\n\t\t<div class=\"elementor-element elementor-element-2404d1b e-con-full e-flex e-con e-child\" data-id=\"2404d1b\" data-element_type=\"container\" data-e-type=\"container\">\n\t\t\t\t<div class=\"elementor-element elementor-element-f4bfd63 elementor-widget elementor-widget-heading\" data-id=\"f4bfd63\" data-element_type=\"widget\" data-e-type=\"widget\" data-widget_type=\"heading.default\">\n\t\t\t\t\t<h2 class=\"elementor-heading-title elementor-size-default\">Livraison express<\/h2>\t\t\t\t<\/div>\n\t\t\t\t<div class=\"elementor-element elementor-element-18630d9 elementor-widget elementor-widget-text-editor\" data-id=\"18630d9\" data-element_type=\"widget\" data-e-type=\"widget\" data-widget_type=\"text-editor.default\">\n\t\t\t\t\t\t\t\t\t<p>Solutions d\u00e9di\u00e9es aux envois urgents avec suivi prioritaire et confirmation de livraison.<\/p>\t\t\t\t\t\t\t\t<\/div>\n\t\t\t\t<\/div>\n\t\t<div class=\"elementor-element elementor-element-9bee7e0 e-con-full e-flex e-con e-child\" data-id=\"9bee7e0\" data-element_type=\"container\" data-e-type=\"container\">\n\t\t\t\t<div class=\"elementor-element elementor-element-84483b3 elementor-widget elementor-widget-heading\" data-id=\"84483b3\" data-element_type=\"widget\" data-e-type=\"widget\" data-widget_type=\"heading.default\">\n\t\t\t\t\t<h2 class=\"elementor-heading-title elementor-size-default\">Distribution &amp; e\u2011commerce<\/h2>\t\t\t\t<\/div>\n\t\t\t\t<div class=\"elementor-element elementor-element-343e885 elementor-widget elementor-widget-text-editor\" data-id=\"343e885\" data-element_type=\"widget\" data-e-type=\"widget\" data-widget_type=\"text-editor.default\">\n\t\t\t\t\t\t\t\t\t<p>Int\u00e9gration de vos flux, pr\u00e9paration des commandes et distribution jusqu&rsquo;au client final.<\/p>\t\t\t\t\t\t\t\t<\/div>\n\t\t\t\t<\/div>\n\t\t\t\t\t<\/div>\n\t\t\t\t<\/div>\n\t\t<div class=\"elementor-element elementor-element-69609c9 e-flex e-con-boxed e-con e-parent\" data-id=\"69609c9\" data-element_type=\"container\" data-e-type=\"container\">\n\t\t\t\t\t<div class=\"e-con-inner\">\n\t\t<div class=\"elementor-element elementor-element-c1745f6 e-con-full e-flex e-con e-child\" data-id=\"c1745f6\" data-element_type=\"container\" data-e-type=\"container\">\n\t\t\t\t<div class=\"elementor-element elementor-element-06b9dac elementor-widget elementor-widget-heading\" data-id=\"06b9dac\" data-element_type=\"widget\" data-e-type=\"widget\" data-widget_type=\"heading.default\">\n\t\t\t\t\t<h2 class=\"elementor-heading-title elementor-size-default\">Logistique &amp; entreposage<\/h2>\t\t\t\t<\/div>\n\t\t\t\t<div class=\"elementor-element elementor-element-fb00e32 elementor-widget elementor-widget-text-editor\" data-id=\"fb00e32\" data-element_type=\"widget\" data-e-type=\"widget\" data-widget_type=\"text-editor.default\">\n\t\t\t\t\t\t\t\t\t<p>Stockage, pr\u00e9paration et gestion des stocks sur mesure pour am\u00e9liorer votre cha\u00eene d&rsquo;approvisionnement.<\/p>\t\t\t\t\t\t\t\t<\/div>\n\t\t\t\t<\/div>\n\t\t<div class=\"elementor-element elementor-element-63071fb e-con-full e-flex e-con e-child\" data-id=\"63071fb\" data-element_type=\"container\" data-e-type=\"container\">\n\t\t\t\t<div class=\"elementor-element elementor-element-429bfd3 elementor-widget elementor-widget-heading\" data-id=\"429bfd3\" data-element_type=\"widget\" data-e-type=\"widget\" data-widget_type=\"heading.default\">\n\t\t\t\t\t<h2 class=\"elementor-heading-title elementor-size-default\">Solutions sur-mesure<\/h2>\t\t\t\t<\/div>\n\t\t\t\t<div class=\"elementor-element elementor-element-4e967ad elementor-widget elementor-widget-text-editor\" data-id=\"4e967ad\" data-element_type=\"widget\" data-e-type=\"widget\" data-widget_type=\"text-editor.default\">\n\t\t\t\t\t\t\t\t\t<p>Offres personnalis\u00e9es selon vos contraintes de temps, volume et nature des marchandises.<\/p>\t\t\t\t\t\t\t\t<\/div>\n\t\t\t\t<\/div>\n\t\t<div class=\"elementor-element elementor-element-63b265a e-con-full e-flex e-con e-child\" data-id=\"63b265a\" data-element_type=\"container\" data-e-type=\"container\">\n\t\t\t\t<div class=\"elementor-element elementor-element-2f7a676 elementor-widget elementor-widget-heading\" data-id=\"2f7a676\" data-element_type=\"widget\" data-e-type=\"widget\" data-widget_type=\"heading.default\">\n\t\t\t\t\t<h2 class=\"elementor-heading-title elementor-size-default\">Assurance &amp; conformit\u00e9<\/h2>\t\t\t\t<\/div>\n\t\t\t\t<div class=\"elementor-element elementor-element-6becc84 elementor-widget elementor-widget-text-editor\" data-id=\"6becc84\" data-element_type=\"widget\" data-e-type=\"widget\" data-widget_type=\"text-editor.default\">\n\t\t\t\t\t\t\t\t\t<p>Couverture compl\u00e8te et respect des normes de s\u00e9curit\u00e9 pour chaque envoi.<\/p>\t\t\t\t\t\t\t\t<\/div>\n\t\t\t\t<\/div>\n\t\t\t\t\t<\/div>\n\t\t\t\t<\/div>\n\t\t<div class=\"elementor-element elementor-element-3d59c9f e-flex e-con-boxed e-con e-parent\" data-id=\"3d59c9f\" data-element_type=\"container\" data-e-type=\"container\">\n\t\t\t\t\t<div class=\"e-con-inner\">\n\t\t<div class=\"elementor-element elementor-element-81865dc e-con-full e-flex e-con e-child\" data-id=\"81865dc\" data-element_type=\"container\" data-e-type=\"container\">\n\t\t\t\t<\/div>\n\t\t\t\t\t<\/div>\n\t\t\t\t<\/div>\n\t\t\t\t<\/div>\n\t\t","protected":false},"excerpt":{"rendered":"<p>\ud83d\udcbc Metaflex Transport : Votre Partenaire de Confiance Plus qu\u2019un prestataire, Metaflex Transport est votre alli\u00e9 logistique strat\u00e9gique.Nous mettons notre expertise, notre technologie et notre passion au service de votre performance. \u2192 Transportez l\u2019avenir avec Metaflex. \ud83d\udce6 Stockage S\u00e9curis\u00e9 Nos entrep\u00f4ts strat\u00e9giquement situ\u00e9s offrent des espaces de stockage flexibles et s\u00e9curis\u00e9s, pour le court ou [&hellip;]<\/p>\n","protected":false},"author":1,"featured_media":0,"parent":0,"menu_order":0,"comment_status":"closed","ping_status":"closed","template":"","meta":{"footnotes":""},"class_list":["post-146","page","type-page","status-publish","hentry","entry"],"_links":{"self":[{"href":"https:\/\/metaflextransport.com\/index.php\/wp-json\/wp\/v2\/pages\/146","targetHints":{"allow":["GET"]}}],"collection":[{"href":"https:\/\/metaflextransport.com\/index.php\/wp-json\/wp\/v2\/pages"}],"about":[{"href":"https:\/\/metaflextransport.com\/index.php\/wp-json\/wp\/v2\/types\/page"}],"author":[{"embeddable":true,"href":"https:\/\/metaflextransport.com\/index.php\/wp-json\/wp\/v2\/users\/1"}],"replies":[{"embeddable":true,"href":"https:\/\/metaflextransport.com\/index.php\/wp-json\/wp\/v2\/comments?post=146"}],"version-history":[{"count":28,"href":"https:\/\/metaflextransport.com\/index.php\/wp-json\/wp\/v2\/pages\/146\/revisions"}],"predecessor-version":[{"id":476,"href":"https:\/\/metaflextransport.com\/index.php\/wp-json\/wp\/v2\/pages\/146\/revisions\/476"}],"wp:attachment":[{"href":"https:\/\/metaflextransport.com\/index.php\/wp-json\/wp\/v2\/media?parent=146"}],"curies":[{"name":"wp","href":"https:\/\/api.w.org\/{rel}","templated":true}]}}