{"id":620,"date":"2025-11-18T14:49:11","date_gmt":"2025-11-18T14:49:11","guid":{"rendered":"https:\/\/metaflextransport.com\/?page_id=620"},"modified":"2025-12-29T22:13:37","modified_gmt":"2025-12-29T22:13:37","slug":"condidature","status":"publish","type":"page","link":"https:\/\/metaflextransport.com\/index.php\/condidature\/","title":{"rendered":"candidature"},"content":{"rendered":"\t\t<div data-elementor-type=\"wp-page\" data-elementor-id=\"620\" class=\"elementor elementor-620\">\n\t\t\t\t<div class=\"elementor-element elementor-element-050a1f2 e-flex e-con-boxed e-con e-parent\" data-id=\"050a1f2\" data-element_type=\"container\" data-e-type=\"container\">\n\t\t\t\t\t<div class=\"e-con-inner\">\n\t\t<div class=\"elementor-element elementor-element-69d3ab5 e-con-full e-flex e-con e-child\" data-id=\"69d3ab5\" data-element_type=\"container\" data-e-type=\"container\">\n\t\t\t\t<div class=\"elementor-element elementor-element-af96c00 elementor-widget elementor-widget-heading\" data-id=\"af96c00\" data-element_type=\"widget\" data-e-type=\"widget\" data-widget_type=\"heading.default\">\n\t\t\t\t\t<h2 class=\"elementor-heading-title elementor-size-default\">\ud83e\uddd1\u200d\ud83d\udcbcCANDIDATURE<\/h2>\t\t\t\t<\/div>\n\t\t\t\t<\/div>\n\t\t\t\t\t<\/div>\n\t\t\t\t<\/div>\n\t\t<div class=\"elementor-element elementor-element-d6fb6e2 e-flex e-con-boxed e-con e-parent\" data-id=\"d6fb6e2\" data-element_type=\"container\" data-e-type=\"container\">\n\t\t\t\t\t<div class=\"e-con-inner\">\n\t\t<div class=\"elementor-element elementor-element-1d97401 e-con-full e-flex e-con e-child\" data-id=\"1d97401\" data-element_type=\"container\" data-e-type=\"container\">\n\t\t<div class=\"elementor-element elementor-element-04a3301 e-con-full e-flex e-con e-child\" data-id=\"04a3301\" data-element_type=\"container\" data-e-type=\"container\">\n\t\t\t\t<div class=\"elementor-element elementor-element-5fd0e08 elementor-widget elementor-widget-heading\" data-id=\"5fd0e08\" data-element_type=\"widget\" data-e-type=\"widget\" data-widget_type=\"heading.default\">\n\t\t\t\t\t<h2 class=\"elementor-heading-title elementor-size-default\">CANDIDATURE-<\/h2>\t\t\t\t<\/div>\n\t\t\t\t<div class=\"elementor-element elementor-element-7d8ff04 elementor-widget elementor-widget-heading\" data-id=\"7d8ff04\" data-element_type=\"widget\" data-e-type=\"widget\" data-widget_type=\"heading.default\">\n\t\t\t\t\t<h2 class=\"elementor-heading-title elementor-size-default\">\ud83d\udfe6  Rejoignez MetaflexTransport<\/h2>\t\t\t\t<\/div>\n\t\t\t\t<div class=\"elementor-element elementor-element-748452a elementor-widget elementor-widget-text-editor\" data-id=\"748452a\" data-element_type=\"widget\" data-e-type=\"widget\" data-widget_type=\"text-editor.default\">\n\t\t\t\t\t\t\t\t\t<p data-start=\"5631\" data-end=\"5869\">MetaflexTransport est en constante \u00e9volution et recherche r\u00e9guli\u00e8rement de nouveaux talents pour accompagner sa croissance. Rejoindre notre \u00e9quipe, c\u2019est int\u00e9grer une entreprise dynamique, innovante et tourn\u00e9e vers l\u2019avenir.<\/p>\t\t\t\t\t\t\t\t<\/div>\n\t\t\t\t<\/div>\n\t\t<div class=\"elementor-element elementor-element-1aa86c2 e-con-full e-flex e-con e-child\" data-id=\"1aa86c2\" data-element_type=\"container\" data-e-type=\"container\">\n\t\t\t\t<div class=\"elementor-element elementor-element-abc4fb8 elementor-widget elementor-widget-heading\" data-id=\"abc4fb8\" data-element_type=\"widget\" data-e-type=\"widget\" data-widget_type=\"heading.default\">\n\t\t\t\t\t<h2 class=\"elementor-heading-title elementor-size-default\"> Pourquoi nous rejoindre<\/h2>\t\t\t\t<\/div>\n\t\t\t\t<div class=\"elementor-element elementor-element-b6f1e40 elementor-widget elementor-widget-heading\" data-id=\"b6f1e40\" data-element_type=\"widget\" data-e-type=\"widget\" data-widget_type=\"heading.default\">\n\t\t\t\t\t<h2 class=\"elementor-heading-title elementor-size-default\"> \ud83d\udfe6 Une entreprise humaine et ambitieuse<\/h2>\t\t\t\t<\/div>\n\t\t\t\t<div class=\"elementor-element elementor-element-2899386 elementor-widget elementor-widget-text-editor\" data-id=\"2899386\" data-element_type=\"widget\" data-e-type=\"widget\" data-widget_type=\"text-editor.default\">\n\t\t\t\t\t\t\t\t\t<p data-start=\"5969\" data-end=\"6212\">Nous valorisons l\u2019engagement, le professionnalisme et l\u2019esprit d\u2019\u00e9quipe. Que vous soyez chauffeur, agent logistique ou profil administratif, nous offrons un environnement de travail stimulant et des opportunit\u00e9s d\u2019\u00e9volution.<\/p><p data-start=\"6214\" data-end=\"6231\">Nos engagements :<\/p><ul data-start=\"6232\" data-end=\"6344\"><li data-start=\"6232\" data-end=\"6271\"><p data-start=\"6234\" data-end=\"6271\">Conditions de travail respectueuses<\/p><\/li><li data-start=\"6272\" data-end=\"6294\"><p data-start=\"6274\" data-end=\"6294\">Formation continue<\/p><\/li><li data-start=\"6295\" data-end=\"6324\"><p data-start=\"6297\" data-end=\"6324\">\u00c9volution professionnelle<\/p><\/li><li data-start=\"6325\" data-end=\"6344\"><p data-start=\"6327\" data-end=\"6344\">Esprit d\u2019\u00e9quipe<\/p><\/li><\/ul>\t\t\t\t\t\t\t\t<\/div>\n\t\t\t\t<\/div>\n\t\t\t\t<\/div>\n\t\t\t\t\t<\/div>\n\t\t\t\t<\/div>\n\t\t<div class=\"elementor-element elementor-element-c15d61d e-flex e-con-boxed e-con e-parent\" data-id=\"c15d61d\" data-element_type=\"container\" data-e-type=\"container\">\n\t\t\t\t\t<div class=\"e-con-inner\">\n\t\t<div class=\"elementor-element elementor-element-f8cc829 e-con-full e-flex e-con e-child\" data-id=\"f8cc829\" data-element_type=\"container\" data-e-type=\"container\">\n\t\t\t\t<div class=\"elementor-element elementor-element-8f7bc56 elementor-widget elementor-widget-heading\" data-id=\"8f7bc56\" data-element_type=\"widget\" data-e-type=\"widget\" data-widget_type=\"heading.default\">\n\t\t\t\t\t<h2 class=\"elementor-heading-title elementor-size-default\">Prochaine \u00e9tape<\/h2>\t\t\t\t<\/div>\n\t\t\t\t<div class=\"elementor-element elementor-element-36388c8 elementor-widget elementor-widget-text-editor\" data-id=\"36388c8\" data-element_type=\"widget\" data-e-type=\"widget\" data-widget_type=\"text-editor.default\">\n\t\t\t\t\t\t\t\t\t<p data-start=\"6570\" data-end=\"6793\">\ud83d\udc49 Si vous souhaitez rejoindre MetaflexTransport, merci de remplir le formulaire ci-dessous. Notre \u00e9quipe RH \u00e9tudiera votre candidature avec attention.<\/p>\t\t\t\t\t\t\t\t<\/div>\n\t\t\t\t<div class=\"elementor-element elementor-element-5a90d1c elementor-widget elementor-widget-button\" data-id=\"5a90d1c\" data-element_type=\"widget\" data-e-type=\"widget\" data-widget_type=\"button.default\">\n\t\t\t\t\t\t\t\t\t\t<a class=\"elementor-button elementor-button-link elementor-size-sm\" href=\"https:\/\/metaflextransport.com\/index.php\/postuler\/\">\n\t\t\t\t\t\t<span class=\"elementor-button-content-wrapper\">\n\t\t\t\t\t\t\t\t\t<span class=\"elementor-button-text\">postuler<\/span>\n\t\t\t\t\t<\/span>\n\t\t\t\t\t<\/a>\n\t\t\t\t\t\t\t\t<\/div>\n\t\t\t\t<\/div>\n\t\t\t\t\t<\/div>\n\t\t\t\t<\/div>\n\t\t\t\t<\/div>\n\t\t","protected":false},"excerpt":{"rendered":"<p>\ud83e\uddd1\u200d\ud83d\udcbcCANDIDATURE CANDIDATURE- \ud83d\udfe6 Rejoignez MetaflexTransport MetaflexTransport est en constante \u00e9volution et recherche r\u00e9guli\u00e8rement de nouveaux talents pour accompagner sa croissance. Rejoindre notre \u00e9quipe, c\u2019est int\u00e9grer une entreprise dynamique, innovante et tourn\u00e9e vers l\u2019avenir. Pourquoi nous rejoindre \ud83d\udfe6 Une entreprise humaine et ambitieuse Nous valorisons l\u2019engagement, le professionnalisme et l\u2019esprit d\u2019\u00e9quipe. Que vous soyez chauffeur, agent [&hellip;]<\/p>\n","protected":false},"author":1,"featured_media":0,"parent":0,"menu_order":0,"comment_status":"closed","ping_status":"closed","template":"","meta":{"footnotes":""},"class_list":["post-620","page","type-page","status-publish","hentry","entry"],"_links":{"self":[{"href":"https:\/\/metaflextransport.com\/index.php\/wp-json\/wp\/v2\/pages\/620","targetHints":{"allow":["GET"]}}],"collection":[{"href":"https:\/\/metaflextransport.com\/index.php\/wp-json\/wp\/v2\/pages"}],"about":[{"href":"https:\/\/metaflextransport.com\/index.php\/wp-json\/wp\/v2\/types\/page"}],"author":[{"embeddable":true,"href":"https:\/\/metaflextransport.com\/index.php\/wp-json\/wp\/v2\/users\/1"}],"replies":[{"embeddable":true,"href":"https:\/\/metaflextransport.com\/index.php\/wp-json\/wp\/v2\/comments?post=620"}],"version-history":[{"count":22,"href":"https:\/\/metaflextransport.com\/index.php\/wp-json\/wp\/v2\/pages\/620\/revisions"}],"predecessor-version":[{"id":841,"href":"https:\/\/metaflextransport.com\/index.php\/wp-json\/wp\/v2\/pages\/620\/revisions\/841"}],"wp:attachment":[{"href":"https:\/\/metaflextransport.com\/index.php\/wp-json\/wp\/v2\/media?parent=620"}],"curies":[{"name":"wp","href":"https:\/\/api.w.org\/{rel}","templated":true}]}}