{"id":632,"date":"2025-11-18T15:32:40","date_gmt":"2025-11-18T15:32:40","guid":{"rendered":"https:\/\/metaflextransport.com\/?page_id=632"},"modified":"2026-01-02T19:26:18","modified_gmt":"2026-01-02T19:26:18","slug":"tr-stan","status":"publish","type":"page","link":"https:\/\/metaflextransport.com\/index.php\/tr-stan\/","title":{"rendered":"transport standard"},"content":{"rendered":"\t\t<div data-elementor-type=\"wp-page\" data-elementor-id=\"632\" class=\"elementor elementor-632\">\n\t\t\t\t<div class=\"elementor-element elementor-element-a4baff7 e-flex e-con-boxed e-con e-parent\" data-id=\"a4baff7\" data-element_type=\"container\" data-e-type=\"container\">\n\t\t\t\t\t<div class=\"e-con-inner\">\n\t\t\t\t<div class=\"elementor-element elementor-element-588dc81 elementor-widget elementor-widget-heading\" data-id=\"588dc81\" data-element_type=\"widget\" data-e-type=\"widget\" data-widget_type=\"heading.default\">\n\t\t\t\t\t<h2 class=\"elementor-heading-title elementor-size-default\">TRANSPORT STANDARD<\/h2>\t\t\t\t<\/div>\n\t\t\t\t\t<\/div>\n\t\t\t\t<\/div>\n\t\t<div class=\"elementor-element elementor-element-54eca35 e-flex e-con-boxed e-con e-parent\" data-id=\"54eca35\" data-element_type=\"container\" data-e-type=\"container\">\n\t\t\t\t\t<div class=\"e-con-inner\">\n\t\t<div class=\"elementor-element elementor-element-9429bd3 e-con-full e-flex e-con e-child\" data-id=\"9429bd3\" data-element_type=\"container\" data-e-type=\"container\">\n\t\t\t\t<div class=\"elementor-element elementor-element-026346e elementor-widget elementor-widget-heading\" data-id=\"026346e\" data-element_type=\"widget\" data-e-type=\"widget\" data-widget_type=\"heading.default\">\n\t\t\t\t\t<h2 class=\"elementor-heading-title elementor-size-default\">\n\ud83d\udce6 Transport standard \u2013<\/h2>\t\t\t\t<\/div>\n\t\t\t\t<div class=\"elementor-element elementor-element-a5d1e3a elementor-widget elementor-widget-heading\" data-id=\"a5d1e3a\" data-element_type=\"widget\" data-e-type=\"widget\" data-widget_type=\"heading.default\">\n\t\t\t\t\t<h2 class=\"elementor-heading-title elementor-size-default\">\ud83d\udfe6  La solution \u00e9conomique et fiable<\/h2>\t\t\t\t<\/div>\n\t\t\t\t<div class=\"elementor-element elementor-element-f5a3fa2 elementor-widget elementor-widget-text-editor\" data-id=\"f5a3fa2\" data-element_type=\"widget\" data-e-type=\"widget\" data-widget_type=\"text-editor.default\">\n\t\t\t\t\t\t\t\t\t<p data-start=\"2468\" data-end=\"2642\">Le transport standard est la solution id\u00e9ale pour les envois qui ne n\u00e9cessitent pas une livraison imm\u00e9diate mais qui exigent n\u00e9anmoins fiabilit\u00e9 et tra\u00e7abilit\u00e9.<\/p><p data-start=\"2644\" data-end=\"2818\">MetaflexTransport propose un service de transport standard parfaitement adapt\u00e9 aux flux r\u00e9guliers et aux exp\u00e9ditions planifi\u00e9es, tout en maintenant un haut niveau de qualit\u00e9.<\/p>\t\t\t\t\t\t\t\t<\/div>\n\t\t\t\t<\/div>\n\t\t<div class=\"elementor-element elementor-element-b1b1cff e-con-full e-flex e-con e-child\" data-id=\"b1b1cff\" data-element_type=\"container\" data-e-type=\"container\">\n\t\t\t\t<div class=\"elementor-element elementor-element-6275f87 elementor-widget elementor-widget-heading\" data-id=\"6275f87\" data-element_type=\"widget\" data-e-type=\"widget\" data-widget_type=\"heading.default\">\n\t\t\t\t\t<h2 class=\"elementor-heading-title elementor-size-default\">Transport standard \u2013Avantages<\/h2>\t\t\t\t<\/div>\n\t\t\t\t<div class=\"elementor-element elementor-element-2ecb2df elementor-widget elementor-widget-heading\" data-id=\"2ecb2df\" data-element_type=\"widget\" data-e-type=\"widget\" data-widget_type=\"heading.default\">\n\t\t\t\t\t<h2 class=\"elementor-heading-title elementor-size-default\"> \ud83d\udfe6 Pourquoi choisir le transport standard ?<\/h2>\t\t\t\t<\/div>\n\t\t\t\t<div class=\"elementor-element elementor-element-63b2ea5 elementor-widget elementor-widget-text-editor\" data-id=\"63b2ea5\" data-element_type=\"widget\" data-e-type=\"widget\" data-widget_type=\"text-editor.default\">\n\t\t\t\t\t\t\t\t\t<p data-start=\"2908\" data-end=\"3162\">Notre service de transport standard combine ma\u00eetrise des co\u00fbts et efficacit\u00e9 logistique. Il est particuli\u00e8rement appr\u00e9ci\u00e9 par les entreprises qui souhaitent optimiser leurs d\u00e9penses tout en conservant une excellente qualit\u00e9 de service.<\/p>\n<p data-start=\"3164\" data-end=\"3180\">Avantages cl\u00e9s :<\/p>\n<ul data-start=\"3181\" data-end=\"3358\">\n<li data-start=\"3181\" data-end=\"3231\">\n<p data-start=\"3183\" data-end=\"3231\">D\u00e9lais de livraison ma\u00eetris\u00e9s&nbsp;<\/p>\n<\/li>\n<li data-start=\"3232\" data-end=\"3276\">\n<p data-start=\"3234\" data-end=\"3276\">Tarification comp\u00e9titive et transparente<\/p>\n<\/li>\n<li data-start=\"3277\" data-end=\"3303\">\n<p data-start=\"3279\" data-end=\"3303\">Suivi des colis inclus<\/p>\n<\/li>\n<li data-start=\"3304\" data-end=\"3328\">\n<p data-start=\"3306\" data-end=\"3328\">Couverture nationale<\/p>\n<\/li>\n<li data-start=\"3329\" data-end=\"3358\">\n<p data-start=\"3331\" data-end=\"3358\">Service client disponible<\/p>\n<\/li>\n<\/ul>\n<p data-start=\"3360\" data-end=\"3464\">Ce service est id\u00e9al pour les envois non urgents, les commandes e-commerce ou les livraisons intersites.<\/p>\t\t\t\t\t\t\t\t<\/div>\n\t\t\t\t<\/div>\n\t\t<div class=\"elementor-element elementor-element-9704493 e-con-full e-flex e-con e-child\" data-id=\"9704493\" data-element_type=\"container\" data-e-type=\"container\">\n\t\t\t\t<div class=\"elementor-element elementor-element-f16eaa1 elementor-widget elementor-widget-heading\" data-id=\"f16eaa1\" data-element_type=\"widget\" data-e-type=\"widget\" data-widget_type=\"heading.default\">\n\t\t\t\t\t<h2 class=\"elementor-heading-title elementor-size-default\">Transport standard \u2013<\/h2>\t\t\t\t<\/div>\n\t\t\t\t<div class=\"elementor-element elementor-element-5621f46 elementor-widget elementor-widget-heading\" data-id=\"5621f46\" data-element_type=\"widget\" data-e-type=\"widget\" data-widget_type=\"heading.default\">\n\t\t\t\t\t<h2 class=\"elementor-heading-title elementor-size-default\"> \ud83d\udfe6 Cas d\u2019usage<\/h2>\t\t\t\t<\/div>\n\t\t\t\t<div class=\"elementor-element elementor-element-8d9b6e5 elementor-widget elementor-widget-text-editor\" data-id=\"8d9b6e5\" data-element_type=\"widget\" data-e-type=\"widget\" data-widget_type=\"text-editor.default\">\n\t\t\t\t\t\t\t\t\t<p data-start=\"3500\" data-end=\"3563\">Le transport standard convient parfaitement aux :<\/p><ul data-start=\"3564\" data-end=\"3679\"><li data-start=\"3564\" data-end=\"3590\"><p data-start=\"3566\" data-end=\"3590\">entreprises e-commerce<\/p><\/li><li data-start=\"3591\" data-end=\"3608\"><p data-start=\"3593\" data-end=\"3608\">distributeurs<\/p><\/li><li data-start=\"3609\" data-end=\"3636\"><p data-start=\"3611\" data-end=\"3636\">artisans et commer\u00e7ants<\/p><\/li><li data-start=\"3637\" data-end=\"3679\"><p data-start=\"3639\" data-end=\"3679\">particuliers pour des envois planifi\u00e9s<\/p><\/li><\/ul>\t\t\t\t\t\t\t\t<\/div>\n\t\t\t\t<\/div>\n\t\t\t\t\t<\/div>\n\t\t\t\t<\/div>\n\t\t<div class=\"elementor-element elementor-element-2afdf6c e-flex e-con-boxed e-con e-parent\" data-id=\"2afdf6c\" data-element_type=\"container\" data-e-type=\"container\">\n\t\t\t\t\t<div class=\"e-con-inner\">\n\t\t<div class=\"elementor-element elementor-element-dea2961 e-con-full e-flex e-con e-child\" data-id=\"dea2961\" data-element_type=\"container\" data-e-type=\"container\">\n\t\t\t\t<\/div>\n\t\t\t\t\t<\/div>\n\t\t\t\t<\/div>\n\t\t<div class=\"elementor-element elementor-element-f613be0 e-flex e-con-boxed e-con e-parent\" data-id=\"f613be0\" data-element_type=\"container\" data-e-type=\"container\">\n\t\t\t\t\t<div class=\"e-con-inner\">\n\t\t<div class=\"elementor-element elementor-element-dc19786 e-con-full e-flex e-con e-child\" data-id=\"dc19786\" data-element_type=\"container\" data-e-type=\"container\">\n\t\t<div class=\"elementor-element elementor-element-b62ae8f e-con-full e-flex e-con e-child\" data-id=\"b62ae8f\" data-element_type=\"container\" data-e-type=\"container\" data-settings=\"{&quot;background_background&quot;:&quot;classic&quot;}\">\n\t\t<div class=\"elementor-element elementor-element-2a44248 e-con-full e-flex e-con e-child\" data-id=\"2a44248\" data-element_type=\"container\" data-e-type=\"container\">\n\t\t\t\t<div class=\"elementor-element elementor-element-ff2cc6c elementor-widget elementor-widget-heading\" data-id=\"ff2cc6c\" data-element_type=\"widget\" data-e-type=\"widget\" data-widget_type=\"heading.default\">\n\t\t\t\t\t<h2 class=\"elementor-heading-title elementor-size-default\"><a href=\"https:\/\/metaflextransport.com\/index.php\/trans\/\">transport <\/a><\/h2>\t\t\t\t<\/div>\n\t\t\t\t<\/div>\n\t\t<div class=\"elementor-element elementor-element-b0d366c e-con-full e-flex e-con e-child\" data-id=\"b0d366c\" data-element_type=\"container\" data-e-type=\"container\">\n\t\t\t\t<div class=\"elementor-element elementor-element-4f36760 elementor-widget elementor-widget-heading\" data-id=\"4f36760\" data-element_type=\"widget\" data-e-type=\"widget\" data-widget_type=\"heading.default\">\n\t\t\t\t\t<h2 class=\"elementor-heading-title elementor-size-default\"><a href=\"https:\/\/metaflextransport.com\/index.php\/tr-urg\/\">transport urgent<\/a><\/h2>\t\t\t\t<\/div>\n\t\t\t\t<\/div>\n\t\t<div class=\"elementor-element elementor-element-9577f4d e-con-full e-flex e-con e-child\" data-id=\"9577f4d\" data-element_type=\"container\" data-e-type=\"container\">\n\t\t\t\t<div class=\"elementor-element elementor-element-4c938f2 elementor-widget elementor-widget-heading\" data-id=\"4c938f2\" data-element_type=\"widget\" data-e-type=\"widget\" data-widget_type=\"heading.default\">\n\t\t\t\t\t<h2 class=\"elementor-heading-title elementor-size-default\"><a href=\"https:\/\/metaflextransport.com\/index.php\/tr-exp\/\">transport express<\/a><\/h2>\t\t\t\t<\/div>\n\t\t\t\t<\/div>\n\t\t\t\t<\/div>\n\t\t\t\t<\/div>\n\t\t\t\t\t<\/div>\n\t\t\t\t<\/div>\n\t\t\t\t<\/div>\n\t\t","protected":false},"excerpt":{"rendered":"<p>TRANSPORT STANDARD \ud83d\udce6 Transport standard \u2013 \ud83d\udfe6 La solution \u00e9conomique et fiable Le transport standard est la solution id\u00e9ale pour les envois qui ne n\u00e9cessitent pas une livraison imm\u00e9diate mais qui exigent n\u00e9anmoins fiabilit\u00e9 et tra\u00e7abilit\u00e9. MetaflexTransport propose un service de transport standard parfaitement adapt\u00e9 aux flux r\u00e9guliers et aux exp\u00e9ditions planifi\u00e9es, tout en maintenant [&hellip;]<\/p>\n","protected":false},"author":1,"featured_media":0,"parent":0,"menu_order":0,"comment_status":"closed","ping_status":"closed","template":"","meta":{"footnotes":""},"class_list":["post-632","page","type-page","status-publish","hentry","entry"],"_links":{"self":[{"href":"https:\/\/metaflextransport.com\/index.php\/wp-json\/wp\/v2\/pages\/632","targetHints":{"allow":["GET"]}}],"collection":[{"href":"https:\/\/metaflextransport.com\/index.php\/wp-json\/wp\/v2\/pages"}],"about":[{"href":"https:\/\/metaflextransport.com\/index.php\/wp-json\/wp\/v2\/types\/page"}],"author":[{"embeddable":true,"href":"https:\/\/metaflextransport.com\/index.php\/wp-json\/wp\/v2\/users\/1"}],"replies":[{"embeddable":true,"href":"https:\/\/metaflextransport.com\/index.php\/wp-json\/wp\/v2\/comments?post=632"}],"version-history":[{"count":26,"href":"https:\/\/metaflextransport.com\/index.php\/wp-json\/wp\/v2\/pages\/632\/revisions"}],"predecessor-version":[{"id":847,"href":"https:\/\/metaflextransport.com\/index.php\/wp-json\/wp\/v2\/pages\/632\/revisions\/847"}],"wp:attachment":[{"href":"https:\/\/metaflextransport.com\/index.php\/wp-json\/wp\/v2\/media?parent=632"}],"curies":[{"name":"wp","href":"https:\/\/api.w.org\/{rel}","templated":true}]}}