{"id":634,"date":"2025-11-18T15:32:53","date_gmt":"2025-11-18T15:32:53","guid":{"rendered":"https:\/\/metaflextransport.com\/?page_id=634"},"modified":"2025-12-29T16:11:35","modified_gmt":"2025-12-29T16:11:35","slug":"tr-urg","status":"publish","type":"page","link":"https:\/\/metaflextransport.com\/index.php\/tr-urg\/","title":{"rendered":"transport urgent"},"content":{"rendered":"\t\t<div data-elementor-type=\"wp-page\" data-elementor-id=\"634\" class=\"elementor elementor-634\">\n\t\t\t\t<div class=\"elementor-element elementor-element-6cfcd57 e-flex e-con-boxed e-con e-parent\" data-id=\"6cfcd57\" data-element_type=\"container\" data-e-type=\"container\">\n\t\t\t\t\t<div class=\"e-con-inner\">\n\t\t<div class=\"elementor-element elementor-element-c9aaef5 e-con-full e-flex e-con e-child\" data-id=\"c9aaef5\" data-element_type=\"container\" data-e-type=\"container\">\n\t\t\t\t<div class=\"elementor-element elementor-element-9ee78a1 elementor-widget elementor-widget-heading\" data-id=\"9ee78a1\" data-element_type=\"widget\" data-e-type=\"widget\" data-widget_type=\"heading.default\">\n\t\t\t\t\t<h2 class=\"elementor-heading-title elementor-size-default\">TRANSPORT URGENT<\/h2>\t\t\t\t<\/div>\n\t\t\t\t<\/div>\n\t\t\t\t\t<\/div>\n\t\t\t\t<\/div>\n\t\t<div class=\"elementor-element elementor-element-54b7a00 e-flex e-con-boxed e-con e-parent\" data-id=\"54b7a00\" data-element_type=\"container\" data-e-type=\"container\">\n\t\t\t\t\t<div class=\"e-con-inner\">\n\t\t<div class=\"elementor-element elementor-element-1225be7 e-con-full e-flex e-con e-child\" data-id=\"1225be7\" data-element_type=\"container\" data-e-type=\"container\">\n\t\t<div class=\"elementor-element elementor-element-3af19ea e-con-full e-flex e-con e-child\" data-id=\"3af19ea\" data-element_type=\"container\" data-e-type=\"container\">\n\t\t\t\t<div class=\"elementor-element elementor-element-6032f49 elementor-widget elementor-widget-heading\" data-id=\"6032f49\" data-element_type=\"widget\" data-e-type=\"widget\" data-widget_type=\"heading.default\">\n\t\t\t\t\t<h2 class=\"elementor-heading-title elementor-size-default\">\u26a1 TRANSPORT URGENT\u2013<\/h2>\t\t\t\t<\/div>\n\t\t\t\t<div class=\"elementor-element elementor-element-cdaf512 elementor-widget elementor-widget-heading\" data-id=\"cdaf512\" data-element_type=\"widget\" data-e-type=\"widget\" data-widget_type=\"heading.default\">\n\t\t\t\t\t<h2 class=\"elementor-heading-title elementor-size-default\">\ud83d\udfe6 Transport urgent \u2013 Quand chaque minute compte\n<\/h2>\t\t\t\t<\/div>\n\t\t\t\t<div class=\"elementor-element elementor-element-68fe5f8 elementor-widget elementor-widget-text-editor\" data-id=\"68fe5f8\" data-element_type=\"widget\" data-e-type=\"widget\" data-widget_type=\"text-editor.default\">\n\t\t\t\t\t\t\t\t\t<p data-start=\"3798\" data-end=\"4000\">Certaines situations exigent une prise en charge imm\u00e9diate. Le transport urgent MetaflexTransport est con\u00e7u pour r\u00e9pondre aux besoins critiques, lorsque les d\u00e9lais ne peuvent pas attendre.<\/p><p data-start=\"4002\" data-end=\"4120\">Nous mettons en place une organisation prioritaire afin de r\u00e9duire au maximum les temps de traitement et de livraison.<\/p><p data-start=\"2468\" data-end=\"2642\">.<\/p>\t\t\t\t\t\t\t\t<\/div>\n\t\t\t\t<\/div>\n\t\t<div class=\"elementor-element elementor-element-d18228e e-con-full e-flex e-con e-child\" data-id=\"d18228e\" data-element_type=\"container\" data-e-type=\"container\">\n\t\t\t\t<div class=\"elementor-element elementor-element-fa418c8 elementor-widget elementor-widget-heading\" data-id=\"fa418c8\" data-element_type=\"widget\" data-e-type=\"widget\" data-widget_type=\"heading.default\">\n\t\t\t\t\t<h2 class=\"elementor-heading-title elementor-size-default\">\ud83d\udfe6 Fonctionnement<\/h2>\t\t\t\t<\/div>\n\t\t\t\t<div class=\"elementor-element elementor-element-e16eff9 elementor-widget elementor-widget-heading\" data-id=\"e16eff9\" data-element_type=\"widget\" data-e-type=\"widget\" data-widget_type=\"heading.default\">\n\t\t\t\t\t<h2 class=\"elementor-heading-title elementor-size-default\">Une logistique prioritaire<\/h2>\t\t\t\t<\/div>\n\t\t\t\t<div class=\"elementor-element elementor-element-81ee273 elementor-widget elementor-widget-text-editor\" data-id=\"81ee273\" data-element_type=\"widget\" data-e-type=\"widget\" data-widget_type=\"text-editor.default\">\n\t\t\t\t\t\t\t\t\t<p data-start=\"4201\" data-end=\"4416\">D\u00e8s la validation de votre demande, votre colis est pris en charge en priorit\u00e9 par nos \u00e9quipes. Les circuits sont raccourcis, les ressources mobilis\u00e9es imm\u00e9diatement et la communication renforc\u00e9e.<\/p><p data-start=\"4418\" data-end=\"4456\">Caract\u00e9ristiques du transport urgent :<\/p><ul data-start=\"4457\" data-end=\"4553\"><li data-start=\"4457\" data-end=\"4483\"><p data-start=\"4459\" data-end=\"4483\">Prise en charge rapide<\/p><\/li><li data-start=\"4484\" data-end=\"4509\"><p data-start=\"4486\" data-end=\"4509\">Livraison prioritaire<\/p><\/li><li data-start=\"4510\" data-end=\"4528\"><p data-start=\"4512\" data-end=\"4528\">Suivi renforc\u00e9<\/p><\/li><li data-start=\"4529\" data-end=\"4553\"><p data-start=\"4531\" data-end=\"4553\">Support client d\u00e9di\u00e9<\/p><\/li><\/ul><p data-start=\"4555\" data-end=\"4648\">Ce service est id\u00e9al pour les documents sensibles, pi\u00e8ces urgentes ou marchandises critiques.<\/p>\t\t\t\t\t\t\t\t<\/div>\n\t\t\t\t<\/div>\n\t\t\t\t<\/div>\n\t\t\t\t\t<\/div>\n\t\t\t\t<\/div>\n\t\t<div class=\"elementor-element elementor-element-d889f3f e-flex e-con-boxed e-con e-parent\" data-id=\"d889f3f\" data-element_type=\"container\" data-e-type=\"container\">\n\t\t\t\t\t<div class=\"e-con-inner\">\n\t\t<div class=\"elementor-element elementor-element-d0d27b9 e-con-full e-flex e-con e-child\" data-id=\"d0d27b9\" data-element_type=\"container\" data-e-type=\"container\">\n\t\t<div class=\"elementor-element elementor-element-c5d8efa e-con-full e-flex e-con e-child\" data-id=\"c5d8efa\" data-element_type=\"container\" data-e-type=\"container\">\n\t\t<div class=\"elementor-element elementor-element-42df38a e-con-full e-flex e-con e-child\" data-id=\"42df38a\" data-element_type=\"container\" data-e-type=\"container\" data-settings=\"{&quot;background_background&quot;:&quot;classic&quot;}\">\n\t\t<div class=\"elementor-element elementor-element-ae23a05 e-con-full e-flex e-con e-child\" data-id=\"ae23a05\" data-element_type=\"container\" data-e-type=\"container\">\n\t\t\t\t<div class=\"elementor-element elementor-element-cf1ca24 elementor-widget elementor-widget-heading\" data-id=\"cf1ca24\" data-element_type=\"widget\" data-e-type=\"widget\" data-widget_type=\"heading.default\">\n\t\t\t\t\t<h2 class=\"elementor-heading-title elementor-size-default\"><a href=\"https:\/\/metaflextransport.com\/index.php\/tr-stan\/\">transport standard<\/a><\/h2>\t\t\t\t<\/div>\n\t\t\t\t<\/div>\n\t\t<div class=\"elementor-element elementor-element-60836c9 e-con-full e-flex e-con e-child\" data-id=\"60836c9\" data-element_type=\"container\" data-e-type=\"container\">\n\t\t\t\t<div class=\"elementor-element elementor-element-9f5230a elementor-widget elementor-widget-heading\" data-id=\"9f5230a\" data-element_type=\"widget\" data-e-type=\"widget\" data-widget_type=\"heading.default\">\n\t\t\t\t\t<h2 class=\"elementor-heading-title elementor-size-default\"><a href=\"https:\/\/metaflextransport.com\/index.php\/trans\/\">transport <\/a><\/h2>\t\t\t\t<\/div>\n\t\t\t\t<\/div>\n\t\t<div class=\"elementor-element elementor-element-fd4f9c0 e-con-full e-flex e-con e-child\" data-id=\"fd4f9c0\" data-element_type=\"container\" data-e-type=\"container\">\n\t\t\t\t<div class=\"elementor-element elementor-element-a928459 elementor-widget elementor-widget-heading\" data-id=\"a928459\" data-element_type=\"widget\" data-e-type=\"widget\" data-widget_type=\"heading.default\">\n\t\t\t\t\t<h2 class=\"elementor-heading-title elementor-size-default\"><a href=\"https:\/\/metaflextransport.com\/index.php\/tr-exp\/\">transport express<\/a><\/h2>\t\t\t\t<\/div>\n\t\t\t\t<\/div>\n\t\t\t\t<\/div>\n\t\t\t\t<\/div>\n\t\t\t\t<\/div>\n\t\t\t\t\t<\/div>\n\t\t\t\t<\/div>\n\t\t\t\t<\/div>\n\t\t","protected":false},"excerpt":{"rendered":"<p>TRANSPORT URGENT \u26a1 TRANSPORT URGENT\u2013 \ud83d\udfe6 Transport urgent \u2013 Quand chaque minute compte Certaines situations exigent une prise en charge imm\u00e9diate. Le transport urgent MetaflexTransport est con\u00e7u pour r\u00e9pondre aux besoins critiques, lorsque les d\u00e9lais ne peuvent pas attendre. Nous mettons en place une organisation prioritaire afin de r\u00e9duire au maximum les temps de traitement [&hellip;]<\/p>\n","protected":false},"author":1,"featured_media":0,"parent":0,"menu_order":0,"comment_status":"closed","ping_status":"closed","template":"","meta":{"footnotes":""},"class_list":["post-634","page","type-page","status-publish","hentry","entry"],"_links":{"self":[{"href":"https:\/\/metaflextransport.com\/index.php\/wp-json\/wp\/v2\/pages\/634","targetHints":{"allow":["GET"]}}],"collection":[{"href":"https:\/\/metaflextransport.com\/index.php\/wp-json\/wp\/v2\/pages"}],"about":[{"href":"https:\/\/metaflextransport.com\/index.php\/wp-json\/wp\/v2\/types\/page"}],"author":[{"embeddable":true,"href":"https:\/\/metaflextransport.com\/index.php\/wp-json\/wp\/v2\/users\/1"}],"replies":[{"embeddable":true,"href":"https:\/\/metaflextransport.com\/index.php\/wp-json\/wp\/v2\/comments?post=634"}],"version-history":[{"count":20,"href":"https:\/\/metaflextransport.com\/index.php\/wp-json\/wp\/v2\/pages\/634\/revisions"}],"predecessor-version":[{"id":794,"href":"https:\/\/metaflextransport.com\/index.php\/wp-json\/wp\/v2\/pages\/634\/revisions\/794"}],"wp:attachment":[{"href":"https:\/\/metaflextransport.com\/index.php\/wp-json\/wp\/v2\/media?parent=634"}],"curies":[{"name":"wp","href":"https:\/\/api.w.org\/{rel}","templated":true}]}}