{"id":638,"date":"2025-11-18T15:33:19","date_gmt":"2025-11-18T15:33:19","guid":{"rendered":"https:\/\/metaflextransport.com\/?page_id=638"},"modified":"2025-12-29T15:38:37","modified_gmt":"2025-12-29T15:38:37","slug":"trans","status":"publish","type":"page","link":"https:\/\/metaflextransport.com\/index.php\/trans\/","title":{"rendered":"transport"},"content":{"rendered":"\t\t<div data-elementor-type=\"wp-page\" data-elementor-id=\"638\" class=\"elementor elementor-638\">\n\t\t\t\t<div class=\"elementor-element elementor-element-e3259c6 e-flex e-con-boxed e-con e-parent\" data-id=\"e3259c6\" data-element_type=\"container\" data-e-type=\"container\">\n\t\t\t\t\t<div class=\"e-con-inner\">\n\t\t<div class=\"elementor-element elementor-element-eaeb663 e-con-full e-flex e-con e-child\" data-id=\"eaeb663\" data-element_type=\"container\" data-e-type=\"container\">\n\t\t\t\t<div class=\"elementor-element elementor-element-4116c09 elementor-widget elementor-widget-heading\" data-id=\"4116c09\" data-element_type=\"widget\" data-e-type=\"widget\" data-widget_type=\"heading.default\">\n\t\t\t\t\t<h2 class=\"elementor-heading-title elementor-size-default\">transport<\/h2>\t\t\t\t<\/div>\n\t\t\t\t<\/div>\n\t\t\t\t\t<\/div>\n\t\t\t\t<\/div>\n\t\t<div class=\"elementor-element elementor-element-2e9e627 e-flex e-con-boxed e-con e-parent\" data-id=\"2e9e627\" data-element_type=\"container\" data-e-type=\"container\">\n\t\t\t\t\t<div class=\"e-con-inner\">\n\t\t<div class=\"elementor-element elementor-element-e4cba71 e-con-full e-flex e-con e-child\" data-id=\"e4cba71\" data-element_type=\"container\" data-e-type=\"container\">\n\t\t\t\t<div class=\"elementor-element elementor-element-16c7bfb elementor-widget elementor-widget-heading\" data-id=\"16c7bfb\" data-element_type=\"widget\" data-e-type=\"widget\" data-widget_type=\"heading.default\">\n\t\t\t\t\t<h2 class=\"elementor-heading-title elementor-size-default\">\ud83d\udc49 Des solutions de transport fiables, flexibles et connect\u00e9es<\/h2>\t\t\t\t<\/div>\n\t\t\t\t<div class=\"elementor-element elementor-element-bba7dc9 elementor-widget elementor-widget-text-editor\" data-id=\"bba7dc9\" data-element_type=\"widget\" data-e-type=\"widget\" data-widget_type=\"text-editor.default\">\n\t\t\t\t\t\t\t\t\t<p data-start=\"549\" data-end=\"887\">MetaflexTransport est une entreprise sp\u00e9cialis\u00e9e dans le transport et la livraison de colis pour les particuliers et les professionnels. Gr\u00e2ce \u00e0 une approche technologique moderne et une organisation logistique optimis\u00e9e, nous proposons des solutions de transport adapt\u00e9es \u00e0 tous les niveaux d\u2019urgence et \u00e0 tous les volumes.<\/p><p data-start=\"889\" data-end=\"1076\">Qu\u2019il s\u2019agisse d\u2019un envoi ponctuel ou d\u2019un flux r\u00e9gulier de marchandises, notre mission est simple : <strong data-start=\"990\" data-end=\"1075\">acheminer vos colis rapidement, en toute s\u00e9curit\u00e9 et avec une transparence totale<\/strong>.<\/p>\t\t\t\t\t\t\t\t<\/div>\n\t\t\t\t<\/div>\n\t\t<div class=\"elementor-element elementor-element-12c8a5f e-con-full e-flex e-con e-child\" data-id=\"12c8a5f\" data-element_type=\"container\" data-e-type=\"container\">\n\t\t\t\t<div class=\"elementor-element elementor-element-56f5a90 elementor-widget elementor-widget-image\" data-id=\"56f5a90\" data-element_type=\"widget\" data-e-type=\"widget\" data-widget_type=\"image.default\">\n\t\t\t\t\t\t\t\t\t\t\t\t\t\t\t<img fetchpriority=\"high\" decoding=\"async\" width=\"1024\" height=\"747\" src=\"https:\/\/metaflextransport.com\/wp-content\/uploads\/2025\/11\/Firefly_Gemini-Flash_photo-reelle-de-7-camions-blanc-stationnees-devant-un-grand-entrepot-le-logo-est-aff-665133-1024x747.png\" class=\"attachment-large size-large wp-image-328\" alt=\"\" srcset=\"https:\/\/metaflextransport.com\/wp-content\/uploads\/2025\/11\/Firefly_Gemini-Flash_photo-reelle-de-7-camions-blanc-stationnees-devant-un-grand-entrepot-le-logo-est-aff-665133-1024x747.png 1024w, https:\/\/metaflextransport.com\/wp-content\/uploads\/2025\/11\/Firefly_Gemini-Flash_photo-reelle-de-7-camions-blanc-stationnees-devant-un-grand-entrepot-le-logo-est-aff-665133-300x219.png 300w, https:\/\/metaflextransport.com\/wp-content\/uploads\/2025\/11\/Firefly_Gemini-Flash_photo-reelle-de-7-camions-blanc-stationnees-devant-un-grand-entrepot-le-logo-est-aff-665133-768x560.png 768w, https:\/\/metaflextransport.com\/wp-content\/uploads\/2025\/11\/Firefly_Gemini-Flash_photo-reelle-de-7-camions-blanc-stationnees-devant-un-grand-entrepot-le-logo-est-aff-665133.png 1184w\" sizes=\"(max-width: 1024px) 100vw, 1024px\" \/>\t\t\t\t\t\t\t\t\t\t\t\t\t\t\t<\/div>\n\t\t\t\t<\/div>\n\t\t\t\t\t<\/div>\n\t\t\t\t<\/div>\n\t\t<div class=\"elementor-element elementor-element-cd127d1 e-flex e-con-boxed e-con e-parent\" data-id=\"cd127d1\" data-element_type=\"container\" data-e-type=\"container\">\n\t\t\t\t\t<div class=\"e-con-inner\">\n\t\t<div class=\"elementor-element elementor-element-6a9a016 e-con-full e-flex e-con e-child\" data-id=\"6a9a016\" data-element_type=\"container\" data-e-type=\"container\">\n\t\t\t\t<\/div>\n\t\t\t\t\t<\/div>\n\t\t\t\t<\/div>\n\t\t<div class=\"elementor-element elementor-element-030c4b4 e-flex e-con-boxed e-con e-parent\" data-id=\"030c4b4\" data-element_type=\"container\" data-e-type=\"container\">\n\t\t\t\t\t<div class=\"e-con-inner\">\n\t\t<div class=\"elementor-element elementor-element-fc471f2 e-con-full e-flex e-con e-child\" data-id=\"fc471f2\" data-element_type=\"container\" data-e-type=\"container\">\n\t\t\t\t<div class=\"elementor-element elementor-element-62f2333 elementor-widget elementor-widget-heading\" data-id=\"62f2333\" data-element_type=\"widget\" data-e-type=\"widget\" data-widget_type=\"heading.default\">\n\t\t\t\t\t<h2 class=\"elementor-heading-title elementor-size-default\">Notre expertise<\/h2>\t\t\t\t<\/div>\n\t\t\t\t<\/div>\n\t\t\t\t\t<\/div>\n\t\t\t\t<\/div>\n\t\t<div class=\"elementor-element elementor-element-df93c88 e-flex e-con-boxed e-con e-parent\" data-id=\"df93c88\" data-element_type=\"container\" data-e-type=\"container\">\n\t\t\t\t\t<div class=\"e-con-inner\">\n\t\t<div class=\"elementor-element elementor-element-e286e0b e-con-full e-flex e-con e-child\" data-id=\"e286e0b\" data-element_type=\"container\" data-e-type=\"container\">\n\t\t\t\t<div class=\"elementor-element elementor-element-aebaa72 elementor-widget elementor-widget-heading\" data-id=\"aebaa72\" data-element_type=\"widget\" data-e-type=\"widget\" data-widget_type=\"heading.default\">\n\t\t\t\t\t<h2 class=\"elementor-heading-title elementor-size-default\">\ud83d\udc49 Une expertise logistique au service de votre performance<\/h2>\t\t\t\t<\/div>\n\t\t\t\t<div class=\"elementor-element elementor-element-5da44a2 elementor-widget__width-initial elementor-widget elementor-widget-text-editor\" data-id=\"5da44a2\" data-element_type=\"widget\" data-e-type=\"widget\" data-widget_type=\"text-editor.default\">\n\t\t\t\t\t\t\t\t\t<p data-start=\"1188\" data-end=\"1457\">Le secteur du transport \u00e9volue rapidement et exige aujourd\u2019hui des solutions \u00e0 la fois rapides, fiables et tra\u00e7ables. Chez MetaflexTransport, nous avons d\u00e9velopp\u00e9 une organisation bas\u00e9e sur la performance op\u00e9rationnelle et l\u2019innovation technologique.<\/p><p data-start=\"1459\" data-end=\"1599\">Nos \u00e9quipes s\u2019appuient sur des outils de suivi en temps r\u00e9el, des processus optimis\u00e9s et un r\u00e9seau de partenaires fiables afin de garantir :<\/p><ul data-start=\"1600\" data-end=\"1726\"><li data-start=\"1600\" data-end=\"1640\"><p data-start=\"1602\" data-end=\"1640\">une prise en charge rapide des colis<\/p><\/li><li data-start=\"1641\" data-end=\"1680\"><p data-start=\"1643\" data-end=\"1680\">une tra\u00e7abilit\u00e9 compl\u00e8te de l\u2019envoi<\/p><\/li><li data-start=\"1681\" data-end=\"1726\"><p data-start=\"1683\" data-end=\"1726\">une communication fluide avec nos clients<\/p><\/li><\/ul><p data-start=\"1728\" data-end=\"1811\">Nous accompagnons aussi bien les PME, les grandes entreprises que les particuliers.<\/p>\t\t\t\t\t\t\t\t<\/div>\n\t\t\t\t<\/div>\n\t\t<div class=\"elementor-element elementor-element-85e240e e-con-full e-flex e-con e-child\" data-id=\"85e240e\" data-element_type=\"container\" data-e-type=\"container\">\n\t\t\t\t<div class=\"elementor-element elementor-element-fdf936b elementor-widget elementor-widget-image\" data-id=\"fdf936b\" data-element_type=\"widget\" data-e-type=\"widget\" data-widget_type=\"image.default\">\n\t\t\t\t\t\t\t\t\t\t\t\t\t\t\t<img decoding=\"async\" width=\"1024\" height=\"747\" src=\"https:\/\/metaflextransport.com\/wp-content\/uploads\/2025\/11\/Firefly_Gemini-Flash_photo-reelle-de-3-camions-blanc-en-route-le-logo-est-affiche-sur-les-camions-et-le-665133-1024x747.png\" class=\"attachment-large size-large wp-image-327\" alt=\"\" srcset=\"https:\/\/metaflextransport.com\/wp-content\/uploads\/2025\/11\/Firefly_Gemini-Flash_photo-reelle-de-3-camions-blanc-en-route-le-logo-est-affiche-sur-les-camions-et-le-665133-1024x747.png 1024w, https:\/\/metaflextransport.com\/wp-content\/uploads\/2025\/11\/Firefly_Gemini-Flash_photo-reelle-de-3-camions-blanc-en-route-le-logo-est-affiche-sur-les-camions-et-le-665133-300x219.png 300w, https:\/\/metaflextransport.com\/wp-content\/uploads\/2025\/11\/Firefly_Gemini-Flash_photo-reelle-de-3-camions-blanc-en-route-le-logo-est-affiche-sur-les-camions-et-le-665133-768x560.png 768w, https:\/\/metaflextransport.com\/wp-content\/uploads\/2025\/11\/Firefly_Gemini-Flash_photo-reelle-de-3-camions-blanc-en-route-le-logo-est-affiche-sur-les-camions-et-le-665133.png 1184w\" sizes=\"(max-width: 1024px) 100vw, 1024px\" \/>\t\t\t\t\t\t\t\t\t\t\t\t\t\t\t<\/div>\n\t\t\t\t<\/div>\n\t\t\t\t\t<\/div>\n\t\t\t\t<\/div>\n\t\t<div class=\"elementor-element elementor-element-df5ce20 e-flex e-con-boxed e-con e-parent\" data-id=\"df5ce20\" data-element_type=\"container\" data-e-type=\"container\">\n\t\t\t\t\t<div class=\"e-con-inner\">\n\t\t<div class=\"elementor-element elementor-element-8df921a e-con-full e-flex e-con e-child\" data-id=\"8df921a\" data-element_type=\"container\" data-e-type=\"container\">\n\t\t\t\t<\/div>\n\t\t\t\t\t<\/div>\n\t\t\t\t<\/div>\n\t\t<div class=\"elementor-element elementor-element-7549104 e-flex e-con-boxed e-con e-parent\" data-id=\"7549104\" data-element_type=\"container\" data-e-type=\"container\">\n\t\t\t\t\t<div class=\"e-con-inner\">\n\t\t<div class=\"elementor-element elementor-element-f786d21 e-con-full e-flex e-con e-child\" data-id=\"f786d21\" data-element_type=\"container\" data-e-type=\"container\">\n\t\t\t\t<div class=\"elementor-element elementor-element-c62fbe8 elementor-widget elementor-widget-heading\" data-id=\"c62fbe8\" data-element_type=\"widget\" data-e-type=\"widget\" data-widget_type=\"heading.default\">\n\t\t\t\t\t<h2 class=\"elementor-heading-title elementor-size-default\">Nos solutions<\/h2>\t\t\t\t<\/div>\n\t\t\t\t<\/div>\n\t\t\t\t\t<\/div>\n\t\t\t\t<\/div>\n\t\t<div class=\"elementor-element elementor-element-afe4bd3 e-flex e-con-boxed e-con e-parent\" data-id=\"afe4bd3\" data-element_type=\"container\" data-e-type=\"container\" data-settings=\"{&quot;background_background&quot;:&quot;classic&quot;}\">\n\t\t\t\t\t<div class=\"e-con-inner\">\n\t\t<div class=\"elementor-element elementor-element-06988ad e-con-full e-flex e-con e-child\" data-id=\"06988ad\" data-element_type=\"container\" data-e-type=\"container\">\n\t\t\t\t<div class=\"elementor-element elementor-element-9fd795a elementor-widget elementor-widget-heading\" data-id=\"9fd795a\" data-element_type=\"widget\" data-e-type=\"widget\" data-widget_type=\"heading.default\">\n\t\t\t\t\t<h2 class=\"elementor-heading-title elementor-size-default\">\ud83d\udc49 Des services adapt\u00e9s \u00e0 chaque besoini<\/h2>\t\t\t\t<\/div>\n\t\t\t\t<div class=\"elementor-element elementor-element-0054b46 elementor-widget elementor-widget-text-editor\" data-id=\"0054b46\" data-element_type=\"widget\" data-e-type=\"widget\" data-widget_type=\"text-editor.default\">\n\t\t\t\t\t\t\t\t\t<p data-start=\"1901\" data-end=\"2094\">Parce que chaque envoi est diff\u00e9rent, nous proposons plusieurs solutions de transport, chacune pens\u00e9e pour r\u00e9pondre \u00e0 un niveau d\u2019urgence, de budget et de contraintes sp\u00e9cifiques.<\/p><p data-start=\"2096\" data-end=\"2259\">\ud83d\udc49 <strong data-start=\"2099\" data-end=\"2121\">Transport standard<\/strong> pour les envois planifi\u00e9s<br data-start=\"2147\" data-end=\"2150\" \/>\ud83d\udc49 <strong data-start=\"2153\" data-end=\"2173\">Transport urgent<\/strong> pour les livraisons prioritaires<br data-start=\"2206\" data-end=\"2209\" \/>\ud83d\udc49 <strong data-start=\"2212\" data-end=\"2233\">Transport express<\/strong> pour les d\u00e9lais critiques<\/p><p data-start=\"2261\" data-end=\"2338\">Chaque solution b\u00e9n\u00e9ficie du m\u00eame niveau de qualit\u00e9, de suivi et de s\u00e9curit\u00e9.<\/p>\t\t\t\t\t\t\t\t<\/div>\n\t\t\t\t<\/div>\n\t\t<div class=\"elementor-element elementor-element-626543f e-con-full e-flex e-con e-child\" data-id=\"626543f\" data-element_type=\"container\" data-e-type=\"container\">\n\t\t\t\t<div class=\"elementor-element elementor-element-bd9b919 elementor-widget elementor-widget-image\" data-id=\"bd9b919\" data-element_type=\"widget\" data-e-type=\"widget\" data-widget_type=\"image.default\">\n\t\t\t\t\t\t\t\t\t\t\t\t\t\t\t<img decoding=\"async\" width=\"1024\" height=\"683\" src=\"https:\/\/metaflextransport.com\/wp-content\/uploads\/2025\/11\/ChatGPT-Image-5-nov.-2025-17_38_08-1-1024x683.png\" class=\"attachment-large size-large wp-image-330\" alt=\"\" srcset=\"https:\/\/metaflextransport.com\/wp-content\/uploads\/2025\/11\/ChatGPT-Image-5-nov.-2025-17_38_08-1-1024x683.png 1024w, https:\/\/metaflextransport.com\/wp-content\/uploads\/2025\/11\/ChatGPT-Image-5-nov.-2025-17_38_08-1-300x200.png 300w, https:\/\/metaflextransport.com\/wp-content\/uploads\/2025\/11\/ChatGPT-Image-5-nov.-2025-17_38_08-1-768x512.png 768w, https:\/\/metaflextransport.com\/wp-content\/uploads\/2025\/11\/ChatGPT-Image-5-nov.-2025-17_38_08-1.png 1536w\" sizes=\"(max-width: 1024px) 100vw, 1024px\" \/>\t\t\t\t\t\t\t\t\t\t\t\t\t\t\t<\/div>\n\t\t\t\t<\/div>\n\t\t\t\t\t<\/div>\n\t\t\t\t<\/div>\n\t\t<div class=\"elementor-element elementor-element-06cc145 e-flex e-con-boxed e-con e-parent\" data-id=\"06cc145\" data-element_type=\"container\" data-e-type=\"container\">\n\t\t\t\t\t<div class=\"e-con-inner\">\n\t\t<div class=\"elementor-element elementor-element-72a1af2 e-con-full e-flex e-con e-child\" data-id=\"72a1af2\" data-element_type=\"container\" data-e-type=\"container\">\n\t\t\t\t<\/div>\n\t\t\t\t\t<\/div>\n\t\t\t\t<\/div>\n\t\t<div class=\"elementor-element elementor-element-78d95f9 e-con-full e-flex e-con e-parent\" data-id=\"78d95f9\" data-element_type=\"container\" data-e-type=\"container\">\n\t\t<div class=\"elementor-element elementor-element-5cd4e18 e-con-full e-flex e-con e-child\" data-id=\"5cd4e18\" data-element_type=\"container\" data-e-type=\"container\" data-settings=\"{&quot;background_background&quot;:&quot;classic&quot;}\">\n\t\t<div class=\"elementor-element elementor-element-dc1a3b3 e-con-full e-flex e-con e-child\" data-id=\"dc1a3b3\" data-element_type=\"container\" data-e-type=\"container\">\n\t\t\t\t<div class=\"elementor-element elementor-element-34ba569 elementor-widget elementor-widget-heading\" data-id=\"34ba569\" data-element_type=\"widget\" data-e-type=\"widget\" data-widget_type=\"heading.default\">\n\t\t\t\t\t<h2 class=\"elementor-heading-title elementor-size-default\"><a href=\"https:\/\/metaflextransport.com\/index.php\/tr-stan\/\">transport standard<\/a><\/h2>\t\t\t\t<\/div>\n\t\t\t\t<\/div>\n\t\t<div class=\"elementor-element elementor-element-59f1f4a e-con-full e-flex e-con e-child\" data-id=\"59f1f4a\" data-element_type=\"container\" data-e-type=\"container\">\n\t\t\t\t<div class=\"elementor-element elementor-element-b7212e2 elementor-widget elementor-widget-heading\" data-id=\"b7212e2\" data-element_type=\"widget\" data-e-type=\"widget\" data-widget_type=\"heading.default\">\n\t\t\t\t\t<h2 class=\"elementor-heading-title elementor-size-default\"><a href=\"https:\/\/metaflextransport.com\/index.php\/tr-urg\/\">transport urgent<\/a><\/h2>\t\t\t\t<\/div>\n\t\t\t\t<\/div>\n\t\t<div class=\"elementor-element elementor-element-da8ee8f e-con-full e-flex e-con e-child\" data-id=\"da8ee8f\" data-element_type=\"container\" data-e-type=\"container\">\n\t\t\t\t<div class=\"elementor-element elementor-element-99b28ca elementor-widget elementor-widget-heading\" data-id=\"99b28ca\" data-element_type=\"widget\" data-e-type=\"widget\" data-widget_type=\"heading.default\">\n\t\t\t\t\t<h2 class=\"elementor-heading-title elementor-size-default\"><a href=\"https:\/\/metaflextransport.com\/index.php\/tr-exp\/\">transport express<\/a><\/h2>\t\t\t\t<\/div>\n\t\t\t\t<\/div>\n\t\t\t\t<\/div>\n\t\t\t\t<\/div>\n\t\t\t\t<\/div>\n\t\t","protected":false},"excerpt":{"rendered":"<p>transport \ud83d\udc49 Des solutions de transport fiables, flexibles et connect\u00e9es MetaflexTransport est une entreprise sp\u00e9cialis\u00e9e dans le transport et la livraison de colis pour les particuliers et les professionnels. Gr\u00e2ce \u00e0 une approche technologique moderne et une organisation logistique optimis\u00e9e, nous proposons des solutions de transport adapt\u00e9es \u00e0 tous les niveaux d\u2019urgence et \u00e0 tous [&hellip;]<\/p>\n","protected":false},"author":1,"featured_media":0,"parent":0,"menu_order":0,"comment_status":"closed","ping_status":"closed","template":"","meta":{"footnotes":""},"class_list":["post-638","page","type-page","status-publish","hentry","entry"],"_links":{"self":[{"href":"https:\/\/metaflextransport.com\/index.php\/wp-json\/wp\/v2\/pages\/638","targetHints":{"allow":["GET"]}}],"collection":[{"href":"https:\/\/metaflextransport.com\/index.php\/wp-json\/wp\/v2\/pages"}],"about":[{"href":"https:\/\/metaflextransport.com\/index.php\/wp-json\/wp\/v2\/types\/page"}],"author":[{"embeddable":true,"href":"https:\/\/metaflextransport.com\/index.php\/wp-json\/wp\/v2\/users\/1"}],"replies":[{"embeddable":true,"href":"https:\/\/metaflextransport.com\/index.php\/wp-json\/wp\/v2\/comments?post=638"}],"version-history":[{"count":35,"href":"https:\/\/metaflextransport.com\/index.php\/wp-json\/wp\/v2\/pages\/638\/revisions"}],"predecessor-version":[{"id":762,"href":"https:\/\/metaflextransport.com\/index.php\/wp-json\/wp\/v2\/pages\/638\/revisions\/762"}],"wp:attachment":[{"href":"https:\/\/metaflextransport.com\/index.php\/wp-json\/wp\/v2\/media?parent=638"}],"curies":[{"name":"wp","href":"https:\/\/api.w.org\/{rel}","templated":true}]}}