{"id":85,"date":"2025-11-04T22:38:15","date_gmt":"2025-11-04T22:38:15","guid":{"rendered":"https:\/\/metaflextransport.com\/?page_id=85"},"modified":"2025-11-09T23:20:10","modified_gmt":"2025-11-09T23:20:10","slug":"accueil","status":"publish","type":"page","link":"https:\/\/metaflextransport.com\/","title":{"rendered":"Accueil"},"content":{"rendered":"\t\t<div data-elementor-type=\"wp-page\" data-elementor-id=\"85\" class=\"elementor elementor-85\">\n\t\t\t\t<div class=\"elementor-element elementor-element-560d4ca e-flex e-con-boxed e-con e-parent\" data-id=\"560d4ca\" data-element_type=\"container\" data-e-type=\"container\">\n\t\t\t\t\t<div class=\"e-con-inner\">\n\t\t<div class=\"elementor-element elementor-element-baf1240 e-con-full e-flex e-con e-child\" data-id=\"baf1240\" data-element_type=\"container\" data-e-type=\"container\">\n\t\t\t\t<div class=\"elementor-element elementor-element-6676413 elementor-widget elementor-widget-heading\" data-id=\"6676413\" data-element_type=\"widget\" data-e-type=\"widget\" data-widget_type=\"heading.default\">\n\t\t\t\t\t<h2 class=\"elementor-heading-title elementor-size-default\">Qui sommes-nous ?<\/h2>\t\t\t\t<\/div>\n\t\t\t\t<div class=\"elementor-element elementor-element-296f543 elementor-widget__width-inherit elementor-widget elementor-widget-text-editor\" data-id=\"296f543\" data-element_type=\"widget\" data-e-type=\"widget\" data-widget_type=\"text-editor.default\">\n\t\t\t\t\t\t\t\t\t<h1>\u00a0<\/h1><p data-start=\"213\" data-end=\"564\">MetaflexTransport est une soci\u00e9t\u00e9 sp\u00e9cialis\u00e9e dans le <strong data-start=\"268\" data-end=\"325\">transport et la livraison de colis et de marchandises<\/strong> sur tout le territoire national et \u00e0 l\u2019international. Notre mission est d\u2019offrir \u00e0 nos clients des <strong data-start=\"425\" data-end=\"481\">solutions logistiques rapides, fiables et s\u00e9curis\u00e9es<\/strong>, adapt\u00e9es \u00e0 leurs besoins, qu\u2019il s\u2019agisse d\u2019exp\u00e9ditions ponctuelles ou r\u00e9guli\u00e8res.<\/p><p data-start=\"566\" data-end=\"813\">Gr\u00e2ce \u00e0 une flotte moderne de v\u00e9hicules poids lourds et utilitaires, ainsi qu\u2019\u00e0 une \u00e9quipe exp\u00e9riment\u00e9e et dynamique, MetaflexTransport garantit une <strong data-start=\"716\" data-end=\"744\">prise en charge compl\u00e8te<\/strong> de vos exp\u00e9ditions, depuis l\u2019enl\u00e8vement jusqu\u2019\u00e0 la livraison finale.<\/p>\t\t\t\t\t\t\t\t<\/div>\n\t\t\t\t<\/div>\n\t\t<div class=\"elementor-element elementor-element-154a65f e-con-full e-flex e-con e-child\" data-id=\"154a65f\" data-element_type=\"container\" data-e-type=\"container\">\n\t\t\t\t<div class=\"elementor-element elementor-element-36b7c6c elementor-widget elementor-widget-image\" data-id=\"36b7c6c\" data-element_type=\"widget\" data-e-type=\"widget\" data-widget_type=\"image.default\">\n\t\t\t\t\t\t\t\t\t\t\t\t\t\t\t<img fetchpriority=\"high\" decoding=\"async\" width=\"1024\" height=\"683\" src=\"https:\/\/metaflextransport.com\/wp-content\/uploads\/2025\/11\/ChatGPT-Image-5-nov.-2025-17_38_08-1024x683.png\" class=\"attachment-large size-large wp-image-233\" alt=\"\" srcset=\"https:\/\/metaflextransport.com\/wp-content\/uploads\/2025\/11\/ChatGPT-Image-5-nov.-2025-17_38_08-1024x683.png 1024w, https:\/\/metaflextransport.com\/wp-content\/uploads\/2025\/11\/ChatGPT-Image-5-nov.-2025-17_38_08-300x200.png 300w, https:\/\/metaflextransport.com\/wp-content\/uploads\/2025\/11\/ChatGPT-Image-5-nov.-2025-17_38_08-768x512.png 768w, https:\/\/metaflextransport.com\/wp-content\/uploads\/2025\/11\/ChatGPT-Image-5-nov.-2025-17_38_08.png 1536w\" sizes=\"(max-width: 1024px) 100vw, 1024px\" \/>\t\t\t\t\t\t\t\t\t\t\t\t\t\t\t<\/div>\n\t\t\t\t<\/div>\n\t\t\t\t\t<\/div>\n\t\t\t\t<\/div>\n\t\t<div class=\"elementor-element elementor-element-62c6baf e-flex e-con-boxed e-con e-parent\" data-id=\"62c6baf\" data-element_type=\"container\" data-e-type=\"container\">\n\t\t\t\t\t<div class=\"e-con-inner\">\n\t\t<div class=\"elementor-element elementor-element-92ae906 e-con-full e-flex e-con e-child\" data-id=\"92ae906\" data-element_type=\"container\" data-e-type=\"container\">\n\t\t\t\t<div class=\"elementor-element elementor-element-f2438da elementor-widget__width-initial elementor-widget elementor-widget-image\" data-id=\"f2438da\" data-element_type=\"widget\" data-e-type=\"widget\" data-widget_type=\"image.default\">\n\t\t\t\t\t\t\t\t\t\t\t\t\t\t\t<img decoding=\"async\" width=\"1024\" height=\"683\" src=\"https:\/\/metaflextransport.com\/wp-content\/uploads\/2025\/11\/ChatGPT-Image-6-nov.-2025-23_12_42-1024x683.png\" class=\"attachment-large size-large wp-image-323\" alt=\"\" srcset=\"https:\/\/metaflextransport.com\/wp-content\/uploads\/2025\/11\/ChatGPT-Image-6-nov.-2025-23_12_42-1024x683.png 1024w, https:\/\/metaflextransport.com\/wp-content\/uploads\/2025\/11\/ChatGPT-Image-6-nov.-2025-23_12_42-300x200.png 300w, https:\/\/metaflextransport.com\/wp-content\/uploads\/2025\/11\/ChatGPT-Image-6-nov.-2025-23_12_42-768x512.png 768w, https:\/\/metaflextransport.com\/wp-content\/uploads\/2025\/11\/ChatGPT-Image-6-nov.-2025-23_12_42.png 1536w\" sizes=\"(max-width: 1024px) 100vw, 1024px\" \/>\t\t\t\t\t\t\t\t\t\t\t\t\t\t\t<\/div>\n\t\t\t\t<\/div>\n\t\t<div class=\"elementor-element elementor-element-cdaa5c1 e-con-full e-flex e-con e-child\" data-id=\"cdaa5c1\" data-element_type=\"container\" data-e-type=\"container\">\n\t\t<div class=\"elementor-element elementor-element-e9c0084 e-con-full e-flex e-con e-child\" data-id=\"e9c0084\" data-element_type=\"container\" data-e-type=\"container\">\n\t\t\t\t<div class=\"elementor-element elementor-element-0618294 elementor-widget elementor-widget-heading\" data-id=\"0618294\" data-element_type=\"widget\" data-e-type=\"widget\" data-widget_type=\"heading.default\">\n\t\t\t\t\t<h2 class=\"elementor-heading-title elementor-size-default\">notre <\/h2>\t\t\t\t<\/div>\n\t\t\t\t<div class=\"elementor-element elementor-element-c1ccb79 elementor-widget elementor-widget-heading\" data-id=\"c1ccb79\" data-element_type=\"widget\" data-e-type=\"widget\" data-widget_type=\"heading.default\">\n\t\t\t\t\t<h2 class=\"elementor-heading-title elementor-size-default\">mission<\/h2>\t\t\t\t<\/div>\n\t\t\t\t<\/div>\n\t\t\t\t<div class=\"elementor-element elementor-element-dfd04b8 elementor-widget-divider--view-line elementor-widget elementor-widget-divider\" data-id=\"dfd04b8\" data-element_type=\"widget\" data-e-type=\"widget\" data-widget_type=\"divider.default\">\n\t\t\t\t\t\t\t<div class=\"elementor-divider\">\n\t\t\t<span class=\"elementor-divider-separator\">\n\t\t\t\t\t\t<\/span>\n\t\t<\/div>\n\t\t\t\t\t\t<\/div>\n\t\t\t\t<div class=\"elementor-element elementor-element-9e2707f elementor-widget elementor-widget-text-editor\" data-id=\"9e2707f\" data-element_type=\"widget\" data-e-type=\"widget\" data-widget_type=\"text-editor.default\">\n\t\t\t\t\t\t\t\t\t<p>MetaflexTransport assure le transport national et international de vos colis et marchandises gr\u00e2ce \u00e0 une flotte moderne, un suivi en temps r\u00e9el et une \u00e9quipe experte.<\/p>\t\t\t\t\t\t\t\t<\/div>\n\t\t\t\t<\/div>\n\t\t\t\t\t<\/div>\n\t\t\t\t<\/div>\n\t\t<div class=\"elementor-element elementor-element-dc163ba e-flex e-con-boxed e-con e-parent\" data-id=\"dc163ba\" data-element_type=\"container\" data-e-type=\"container\">\n\t\t\t\t\t<div class=\"e-con-inner\">\n\t\t\t\t<div class=\"elementor-element elementor-element-7034266 elementor-widget elementor-widget-heading\" data-id=\"7034266\" data-element_type=\"widget\" data-e-type=\"widget\" data-widget_type=\"heading.default\">\n\t\t\t\t\t<h2 class=\"elementor-heading-title elementor-size-default\">Comment \u00e7a marche<\/h2>\t\t\t\t<\/div>\n\t\t\t\t\t<\/div>\n\t\t\t\t<\/div>\n\t\t<div class=\"elementor-element elementor-element-f159bc3 e-con-full e-flex e-con e-parent\" data-id=\"f159bc3\" data-element_type=\"container\" data-e-type=\"container\">\n\t\t<div class=\"elementor-element elementor-element-f63788e e-con-full e-flex e-con e-child\" data-id=\"f63788e\" data-element_type=\"container\" data-e-type=\"container\">\n\t\t<div class=\"elementor-element elementor-element-3460f7a e-con-full e-flex e-con e-child\" data-id=\"3460f7a\" data-element_type=\"container\" data-e-type=\"container\">\n\t\t<div class=\"elementor-element elementor-element-9d74211 e-con-full e-flex e-con e-child\" data-id=\"9d74211\" data-element_type=\"container\" data-e-type=\"container\">\n\t\t\t\t<div class=\"elementor-element elementor-element-eb8c04d elementor-widget elementor-widget-heading\" data-id=\"eb8c04d\" data-element_type=\"widget\" data-e-type=\"widget\" data-widget_type=\"heading.default\">\n\t\t\t\t\t<h2 class=\"elementor-heading-title elementor-size-default\">Demandez un devis<\/h2>\t\t\t\t<\/div>\n\t\t\t\t<div class=\"elementor-element elementor-element-03723ba elementor-widget elementor-widget-text-editor\" data-id=\"03723ba\" data-element_type=\"widget\" data-e-type=\"widget\" data-widget_type=\"text-editor.default\">\n\t\t\t\t\t\t\t\t\t<p>Formulaire simple ou appel direct<\/p>\t\t\t\t\t\t\t\t<\/div>\n\t\t\t\t<\/div>\n\t\t<div class=\"elementor-element elementor-element-32be0e3 e-con-full e-flex e-con e-child\" data-id=\"32be0e3\" data-element_type=\"container\" data-e-type=\"container\">\n\t\t\t\t<div class=\"elementor-element elementor-element-43e0795 elementor-widget elementor-widget-heading\" data-id=\"43e0795\" data-element_type=\"widget\" data-e-type=\"widget\" data-widget_type=\"heading.default\">\n\t\t\t\t\t<h2 class=\"elementor-heading-title elementor-size-default\">Collecte &amp; pr\u00e9paration<\/h2>\t\t\t\t<\/div>\n\t\t\t\t<div class=\"elementor-element elementor-element-bd98379 elementor-widget elementor-widget-text-editor\" data-id=\"bd98379\" data-element_type=\"widget\" data-e-type=\"widget\" data-widget_type=\"text-editor.default\">\n\t\t\t\t\t\t\t\t\t<p>Nous prenons en charge vos colis depuis votre site<\/p>\t\t\t\t\t\t\t\t<\/div>\n\t\t\t\t<\/div>\n\t\t<div class=\"elementor-element elementor-element-e19bf15 e-con-full e-flex e-con e-child\" data-id=\"e19bf15\" data-element_type=\"container\" data-e-type=\"container\">\n\t\t\t\t<div class=\"elementor-element elementor-element-fc3939c elementor-widget elementor-widget-heading\" data-id=\"fc3939c\" data-element_type=\"widget\" data-e-type=\"widget\" data-widget_type=\"heading.default\">\n\t\t\t\t\t<h2 class=\"elementor-heading-title elementor-size-default\">Transport &amp; suivi<\/h2>\t\t\t\t<\/div>\n\t\t\t\t<div class=\"elementor-element elementor-element-223b787 elementor-widget elementor-widget-text-editor\" data-id=\"223b787\" data-element_type=\"widget\" data-e-type=\"widget\" data-widget_type=\"text-editor.default\">\n\t\t\t\t\t\t\t\t\t<p>G\u00e9olocalisation et mise \u00e0 jour en temps r\u00e9el<\/p>\t\t\t\t\t\t\t\t<\/div>\n\t\t\t\t<\/div>\n\t\t<div class=\"elementor-element elementor-element-20914ae e-con-full e-flex e-con e-child\" data-id=\"20914ae\" data-element_type=\"container\" data-e-type=\"container\">\n\t\t\t\t<div class=\"elementor-element elementor-element-352fdac elementor-widget elementor-widget-heading\" data-id=\"352fdac\" data-element_type=\"widget\" data-e-type=\"widget\" data-widget_type=\"heading.default\">\n\t\t\t\t\t<h2 class=\"elementor-heading-title elementor-size-default\">Livraison &amp; confirmation<\/h2>\t\t\t\t<\/div>\n\t\t\t\t<div class=\"elementor-element elementor-element-b9a77d5 elementor-widget elementor-widget-text-editor\" data-id=\"b9a77d5\" data-element_type=\"widget\" data-e-type=\"widget\" data-widget_type=\"text-editor.default\">\n\t\t\t\t\t\t\t\t\t<p>Remise s\u00e9curis\u00e9e et preuve de livraison<\/p>\t\t\t\t\t\t\t\t<\/div>\n\t\t\t\t<\/div>\n\t\t\t\t<\/div>\n\t\t<div class=\"elementor-element elementor-element-4d65e46 e-con-full elementor-hidden-mobile e-flex e-con e-child\" data-id=\"4d65e46\" data-element_type=\"container\" data-e-type=\"container\">\n\t\t\t\t<div class=\"elementor-element elementor-element-f54cfa0 elementor-view-default elementor-widget elementor-widget-icon\" data-id=\"f54cfa0\" data-element_type=\"widget\" data-e-type=\"widget\" data-widget_type=\"icon.default\">\n\t\t\t\t\t\t\t<div class=\"elementor-icon-wrapper\">\n\t\t\t<div class=\"elementor-icon\">\n\t\t\t<svg aria-hidden=\"true\" class=\"e-font-icon-svg e-fas-square\" viewBox=\"0 0 448 512\" xmlns=\"http:\/\/www.w3.org\/2000\/svg\"><path d=\"M400 32H48C21.5 32 0 53.5 0 80v352c0 26.5 21.5 48 48 48h352c26.5 0 48-21.5 48-48V80c0-26.5-21.5-48-48-48z\"><\/path><\/svg>\t\t\t<\/div>\n\t\t<\/div>\n\t\t\t\t\t\t<\/div>\n\t\t\t\t<div class=\"elementor-element elementor-element-6ec49cb elementor-view-default elementor-widget elementor-widget-icon\" data-id=\"6ec49cb\" data-element_type=\"widget\" data-e-type=\"widget\" data-widget_type=\"icon.default\">\n\t\t\t\t\t\t\t<div class=\"elementor-icon-wrapper\">\n\t\t\t<div class=\"elementor-icon\">\n\t\t\t<svg aria-hidden=\"true\" class=\"e-font-icon-svg e-fas-square\" viewBox=\"0 0 448 512\" xmlns=\"http:\/\/www.w3.org\/2000\/svg\"><path d=\"M400 32H48C21.5 32 0 53.5 0 80v352c0 26.5 21.5 48 48 48h352c26.5 0 48-21.5 48-48V80c0-26.5-21.5-48-48-48z\"><\/path><\/svg>\t\t\t<\/div>\n\t\t<\/div>\n\t\t\t\t\t\t<\/div>\n\t\t\t\t<div class=\"elementor-element elementor-element-a21fa77 elementor-view-default elementor-widget elementor-widget-icon\" data-id=\"a21fa77\" data-element_type=\"widget\" data-e-type=\"widget\" data-widget_type=\"icon.default\">\n\t\t\t\t\t\t\t<div class=\"elementor-icon-wrapper\">\n\t\t\t<div class=\"elementor-icon\">\n\t\t\t<svg aria-hidden=\"true\" class=\"e-font-icon-svg e-fas-square\" viewBox=\"0 0 448 512\" xmlns=\"http:\/\/www.w3.org\/2000\/svg\"><path d=\"M400 32H48C21.5 32 0 53.5 0 80v352c0 26.5 21.5 48 48 48h352c26.5 0 48-21.5 48-48V80c0-26.5-21.5-48-48-48z\"><\/path><\/svg>\t\t\t<\/div>\n\t\t<\/div>\n\t\t\t\t\t\t<\/div>\n\t\t\t\t<div class=\"elementor-element elementor-element-be1623b elementor-view-default elementor-widget elementor-widget-icon\" data-id=\"be1623b\" data-element_type=\"widget\" data-e-type=\"widget\" data-widget_type=\"icon.default\">\n\t\t\t\t\t\t\t<div class=\"elementor-icon-wrapper\">\n\t\t\t<div class=\"elementor-icon\">\n\t\t\t<svg aria-hidden=\"true\" class=\"e-font-icon-svg e-fas-square\" viewBox=\"0 0 448 512\" xmlns=\"http:\/\/www.w3.org\/2000\/svg\"><path d=\"M400 32H48C21.5 32 0 53.5 0 80v352c0 26.5 21.5 48 48 48h352c26.5 0 48-21.5 48-48V80c0-26.5-21.5-48-48-48z\"><\/path><\/svg>\t\t\t<\/div>\n\t\t<\/div>\n\t\t\t\t\t\t<\/div>\n\t\t\t\t<\/div>\n\t\t\t\t<\/div>\n\t\t<div class=\"elementor-element elementor-element-8093490 e-con-full e-flex e-con e-child\" data-id=\"8093490\" data-element_type=\"container\" data-e-type=\"container\">\n\t\t\t\t<div class=\"elementor-element elementor-element-c9372ba elementor-widget elementor-widget-text-editor\" data-id=\"c9372ba\" data-element_type=\"widget\" data-e-type=\"widget\" data-widget_type=\"text-editor.default\">\n\t\t\t\t\t\t\t\t\t<p>Metaflex Transport combine expertise logistique et technologie pour vous offrir une exp\u00e9rience client claire et rassurante : tableaux de bord, notifications automatiques et support d\u00e9di\u00e9.<\/p>\t\t\t\t\t\t\t\t<\/div>\n\t\t\t\t<\/div>\n\t\t\t\t<\/div>\n\t\t<div class=\"elementor-element elementor-element-06454c1 e-flex e-con-boxed e-con e-parent\" data-id=\"06454c1\" data-element_type=\"container\" data-e-type=\"container\" data-settings=\"{&quot;background_background&quot;:&quot;gradient&quot;}\">\n\t\t\t\t\t<div class=\"e-con-inner\">\n\t\t\t\t<div class=\"elementor-element elementor-element-729b55f elementor-widget elementor-widget-heading\" data-id=\"729b55f\" data-element_type=\"widget\" data-e-type=\"widget\" data-widget_type=\"heading.default\">\n\t\t\t\t\t<h2 class=\"elementor-heading-title elementor-size-default\">Pr\u00eat \u00e0 optimiser vos exp\u00e9ditions ? Obtenez un devis personnalis\u00e9 d\u00e8s aujourd'hui.<\/h2>\t\t\t\t<\/div>\n\t\t\t\t<div class=\"elementor-element elementor-element-7f2947f elementor-widget elementor-widget-button\" data-id=\"7f2947f\" data-element_type=\"widget\" data-e-type=\"widget\" data-widget_type=\"button.default\">\n\t\t\t\t\t\t\t\t\t\t<a class=\"elementor-button elementor-button-link elementor-size-sm\" href=\"https:\/\/metaflextransport.com\/index.php\/devis\/\">\n\t\t\t\t\t\t<span class=\"elementor-button-content-wrapper\">\n\t\t\t\t\t\t\t\t\t<span class=\"elementor-button-text\">demander un devis<\/span>\n\t\t\t\t\t<\/span>\n\t\t\t\t\t<\/a>\n\t\t\t\t\t\t\t\t<\/div>\n\t\t\t\t<div class=\"elementor-element elementor-element-2ec300b elementor-widget elementor-widget-button\" data-id=\"2ec300b\" data-element_type=\"widget\" data-e-type=\"widget\" data-widget_type=\"button.default\">\n\t\t\t\t\t\t\t\t\t\t<a class=\"elementor-button elementor-button-link elementor-size-sm\" href=\"https:\/\/metaflextransport.com\/index.php\/contact\/\">\n\t\t\t\t\t\t<span class=\"elementor-button-content-wrapper\">\n\t\t\t\t\t\t\t\t\t<span class=\"elementor-button-text\">contactez-nous<\/span>\n\t\t\t\t\t<\/span>\n\t\t\t\t\t<\/a>\n\t\t\t\t\t\t\t\t<\/div>\n\t\t\t\t\t<\/div>\n\t\t\t\t<\/div>\n\t\t<div class=\"elementor-element elementor-element-bf87ec7 e-flex e-con-boxed e-con e-parent\" data-id=\"bf87ec7\" data-element_type=\"container\" data-e-type=\"container\">\n\t\t\t\t\t<div class=\"e-con-inner\">\n\t\t\t\t\t<\/div>\n\t\t\t\t<\/div>\n\t\t\t\t<\/div>\n\t\t","protected":false},"excerpt":{"rendered":"<p>Qui sommes-nous ? \u00a0 MetaflexTransport est une soci\u00e9t\u00e9 sp\u00e9cialis\u00e9e dans le transport et la livraison de colis et de marchandises sur tout le territoire national et \u00e0 l\u2019international. Notre mission est d\u2019offrir \u00e0 nos clients des solutions logistiques rapides, fiables et s\u00e9curis\u00e9es, adapt\u00e9es \u00e0 leurs besoins, qu\u2019il s\u2019agisse d\u2019exp\u00e9ditions ponctuelles ou r\u00e9guli\u00e8res. Gr\u00e2ce \u00e0 une [&hellip;]<\/p>\n","protected":false},"author":1,"featured_media":0,"parent":0,"menu_order":0,"comment_status":"closed","ping_status":"closed","template":"","meta":{"footnotes":""},"class_list":["post-85","page","type-page","status-publish","hentry","entry"],"_links":{"self":[{"href":"https:\/\/metaflextransport.com\/index.php\/wp-json\/wp\/v2\/pages\/85","targetHints":{"allow":["GET"]}}],"collection":[{"href":"https:\/\/metaflextransport.com\/index.php\/wp-json\/wp\/v2\/pages"}],"about":[{"href":"https:\/\/metaflextransport.com\/index.php\/wp-json\/wp\/v2\/types\/page"}],"author":[{"embeddable":true,"href":"https:\/\/metaflextransport.com\/index.php\/wp-json\/wp\/v2\/users\/1"}],"replies":[{"embeddable":true,"href":"https:\/\/metaflextransport.com\/index.php\/wp-json\/wp\/v2\/comments?post=85"}],"version-history":[{"count":226,"href":"https:\/\/metaflextransport.com\/index.php\/wp-json\/wp\/v2\/pages\/85\/revisions"}],"predecessor-version":[{"id":614,"href":"https:\/\/metaflextransport.com\/index.php\/wp-json\/wp\/v2\/pages\/85\/revisions\/614"}],"wp:attachment":[{"href":"https:\/\/metaflextransport.com\/index.php\/wp-json\/wp\/v2\/media?parent=85"}],"curies":[{"name":"wp","href":"https:\/\/api.w.org\/{rel}","templated":true}]}}